{"id":11,"date":"2023-06-09T18:59:32","date_gmt":"2023-06-09T21:59:32","guid":{"rendered":"https:\/\/redeqdmdetelevisao.com.br\/?page_id=11"},"modified":"2026-02-13T13:29:45","modified_gmt":"2026-02-13T16:29:45","slug":"cobertura","status":"publish","type":"page","link":"https:\/\/redeqdmdetelevisao.com.br\/?page_id=11","title":{"rendered":"Cobertura"},"content":{"rendered":"\t\t<div data-elementor-type=\"wp-page\" data-elementor-id=\"11\" class=\"elementor elementor-11\">\n\t\t\t\t\t\t<section class=\"elementor-section elementor-top-section elementor-element elementor-element-e65423a elementor-section-full_width elementor-section-content-middle elementor-section-stretched elementor-section-height-default elementor-section-height-default\" data-id=\"e65423a\" data-element_type=\"section\" data-e-type=\"section\" data-settings=\"{&quot;stretch_section&quot;:&quot;section-stretched&quot;,&quot;background_background&quot;:&quot;classic&quot;}\">\n\t\t\t\t\t\t<div class=\"elementor-container elementor-column-gap-default\">\n\t\t\t\t\t<div class=\"elementor-column elementor-col-50 elementor-top-column elementor-element elementor-element-11fdd56\" data-id=\"11fdd56\" data-element_type=\"column\" data-e-type=\"column\">\n\t\t\t<div class=\"elementor-widget-wrap elementor-element-populated\">\n\t\t\t\t\t\t<div class=\"elementor-element elementor-element-de60e56 elementor-widget__width-initial elementor-widget-mobile__width-initial elementor-widget elementor-widget-image\" data-id=\"de60e56\" data-element_type=\"widget\" data-e-type=\"widget\" data-widget_type=\"image.default\">\n\t\t\t\t<div class=\"elementor-widget-container\">\n\t\t\t\t\t\t\t\t\t\t\t\t\t\t\t\t<a href=\"https:\/\/atitudenew.com\/\">\n\t\t\t\t\t\t\t<img decoding=\"async\" width=\"88\" height=\"87\" src=\"https:\/\/redeqdmdetelevisao.com.br\/wp-content\/uploads\/2024\/08\/logo-3.png\" class=\"attachment-large size-large wp-image-2156\" alt=\"\" \/>\t\t\t\t\t\t\t\t<\/a>\n\t\t\t\t\t\t\t\t\t\t\t\t\t\t\t<\/div>\n\t\t\t\t<\/div>\n\t\t\t\t\t<\/div>\n\t\t<\/div>\n\t\t\t\t<div class=\"elementor-column elementor-col-50 elementor-top-column elementor-element elementor-element-61ba7b6\" data-id=\"61ba7b6\" data-element_type=\"column\" data-e-type=\"column\">\n\t\t\t<div class=\"elementor-widget-wrap elementor-element-populated\">\n\t\t\t\t\t\t<div class=\"elementor-element elementor-element-b844829 elementor-icon-list--layout-inline elementor-align-start elementor-mobile-align-center elementor-widget__width-initial elementor-widget-mobile__width-initial elementor-list-item-link-full_width elementor-widget elementor-widget-icon-list\" data-id=\"b844829\" data-element_type=\"widget\" data-e-type=\"widget\" data-widget_type=\"icon-list.default\">\n\t\t\t\t<div class=\"elementor-widget-container\">\n\t\t\t\t\t\t\t<ul class=\"elementor-icon-list-items elementor-inline-items\">\n\t\t\t\t\t\t\t<li class=\"elementor-icon-list-item elementor-inline-item\">\n\t\t\t\t\t\t\t\t\t\t\t<a href=\"https:\/\/atitudenew.com\/\">\n\n\t\t\t\t\t\t\t\t\t\t\t<span class=\"elementor-icon-list-text\">Portal Atitudenew<\/span>\n\t\t\t\t\t\t\t\t\t\t\t<\/a>\n\t\t\t\t\t\t\t\t\t<\/li>\n\t\t\t\t\t\t\t\t<li class=\"elementor-icon-list-item elementor-inline-item\">\n\t\t\t\t\t\t\t\t\t\t\t<a href=\"https:\/\/atitudenew.com\/tv-atitudenew\/\">\n\n\t\t\t\t\t\t\t\t\t\t\t<span class=\"elementor-icon-list-text\">TV Atitudenew<\/span>\n\t\t\t\t\t\t\t\t\t\t\t<\/a>\n\t\t\t\t\t\t\t\t\t<\/li>\n\t\t\t\t\t\t\t\t<li class=\"elementor-icon-list-item elementor-inline-item\">\n\t\t\t\t\t\t\t\t\t\t\t<a href=\"https:\/\/clube.atitudenew.com\">\n\n\t\t\t\t\t\t\t\t\t\t\t<span class=\"elementor-icon-list-text\">Grupo Atitudenew<\/span>\n\t\t\t\t\t\t\t\t\t\t\t<\/a>\n\t\t\t\t\t\t\t\t\t<\/li>\n\t\t\t\t\t\t<\/ul>\n\t\t\t\t\t\t<\/div>\n\t\t\t\t<\/div>\n\t\t\t\t\t<\/div>\n\t\t<\/div>\n\t\t\t\t\t<\/div>\n\t\t<\/section>\n\t\t\t\t<section class=\"elementor-section elementor-top-section elementor-element elementor-element-87911b2 elementor-section-boxed elementor-section-height-default elementor-section-height-default\" data-id=\"87911b2\" data-element_type=\"section\" data-e-type=\"section\" data-settings=\"{&quot;background_background&quot;:&quot;classic&quot;}\">\n\t\t\t\t\t\t<div class=\"elementor-container elementor-column-gap-default\">\n\t\t\t\t\t<div class=\"elementor-column elementor-col-25 elementor-top-column elementor-element elementor-element-607ae56\" data-id=\"607ae56\" data-element_type=\"column\" data-e-type=\"column\">\n\t\t\t<div class=\"elementor-widget-wrap\">\n\t\t\t\t\t\t\t<\/div>\n\t\t<\/div>\n\t\t\t\t<div class=\"elementor-column elementor-col-25 elementor-top-column elementor-element elementor-element-43149bc\" data-id=\"43149bc\" data-element_type=\"column\" data-e-type=\"column\">\n\t\t\t<div class=\"elementor-widget-wrap elementor-element-populated\">\n\t\t\t\t\t\t<div class=\"elementor-element elementor-element-88197c6 elementor-align-right elementor-mobile-align-center elementor-widget elementor-widget-button\" data-id=\"88197c6\" data-element_type=\"widget\" data-e-type=\"widget\" data-widget_type=\"button.default\">\n\t\t\t\t<div class=\"elementor-widget-container\">\n\t\t\t\t\t\t\t\t\t<div class=\"elementor-button-wrapper\">\n\t\t\t\t\t<a class=\"elementor-button elementor-button-link elementor-size-sm elementor-animation-pulse\" href=\"https:\/\/redeqdmdetelevisao.com.br\">\n\t\t\t\t\t\t<span class=\"elementor-button-content-wrapper\">\n\t\t\t\t\t\t\t\t\t<span class=\"elementor-button-text\">Voltar<\/span>\n\t\t\t\t\t<\/span>\n\t\t\t\t\t<\/a>\n\t\t\t\t<\/div>\n\t\t\t\t\t\t\t\t<\/div>\n\t\t\t\t<\/div>\n\t\t\t\t\t<\/div>\n\t\t<\/div>\n\t\t\t\t<div class=\"elementor-column elementor-col-25 elementor-top-column elementor-element elementor-element-be14fb9\" data-id=\"be14fb9\" data-element_type=\"column\" data-e-type=\"column\">\n\t\t\t<div class=\"elementor-widget-wrap elementor-element-populated\">\n\t\t\t\t\t\t<div class=\"elementor-element elementor-element-9a8063c elementor-widget elementor-widget-image\" data-id=\"9a8063c\" data-element_type=\"widget\" data-e-type=\"widget\" data-widget_type=\"image.default\">\n\t\t\t\t<div class=\"elementor-widget-container\">\n\t\t\t\t\t\t\t\t\t\t\t\t\t\t\t<img fetchpriority=\"high\" decoding=\"async\" width=\"300\" height=\"300\" src=\"https:\/\/redeqdmdetelevisao.com.br\/wp-content\/uploads\/2023\/06\/SEM-FUNDO-300x300.png\" class=\"attachment-medium size-medium wp-image-5\" alt=\"\" srcset=\"https:\/\/redeqdmdetelevisao.com.br\/wp-content\/uploads\/2023\/06\/SEM-FUNDO-300x300.png 300w, https:\/\/redeqdmdetelevisao.com.br\/wp-content\/uploads\/2023\/06\/SEM-FUNDO-150x150.png 150w, https:\/\/redeqdmdetelevisao.com.br\/wp-content\/uploads\/2023\/06\/SEM-FUNDO-768x768.png 768w, https:\/\/redeqdmdetelevisao.com.br\/wp-content\/uploads\/2023\/06\/SEM-FUNDO.png 1000w\" sizes=\"(max-width: 300px) 100vw, 300px\" \/>\t\t\t\t\t\t\t\t\t\t\t\t\t\t\t<\/div>\n\t\t\t\t<\/div>\n\t\t\t\t\t<\/div>\n\t\t<\/div>\n\t\t\t\t<div class=\"elementor-column elementor-col-25 elementor-top-column elementor-element elementor-element-62170ff\" data-id=\"62170ff\" data-element_type=\"column\" data-e-type=\"column\">\n\t\t\t<div class=\"elementor-widget-wrap\">\n\t\t\t\t\t\t\t<\/div>\n\t\t<\/div>\n\t\t\t\t\t<\/div>\n\t\t<\/section>\n\t\t\t\t<section class=\"elementor-section elementor-top-section elementor-element elementor-element-cf0683d elementor-section-full_width elementor-section-height-default elementor-section-height-default\" data-id=\"cf0683d\" data-element_type=\"section\" data-e-type=\"section\" data-settings=\"{&quot;background_background&quot;:&quot;slideshow&quot;,&quot;background_slideshow_gallery&quot;:[{&quot;id&quot;:3220,&quot;url&quot;:&quot;https:\\\/\\\/redeqdmdetelevisao.com.br\\\/wp-content\\\/uploads\\\/2026\\\/02\\\/ChatGPT-Image-4-de-fev.-de-2026-12_52_59.png&quot;}],&quot;background_slideshow_loop&quot;:&quot;yes&quot;,&quot;background_slideshow_slide_duration&quot;:5000,&quot;background_slideshow_slide_transition&quot;:&quot;fade&quot;,&quot;background_slideshow_transition_duration&quot;:500}\">\n\t\t\t\t\t\t\t<div class=\"elementor-background-overlay\"><\/div>\n\t\t\t\t\t\t\t<div class=\"elementor-container elementor-column-gap-default\">\n\t\t\t\t\t<div class=\"elementor-column elementor-col-100 elementor-top-column elementor-element elementor-element-b541e7f\" data-id=\"b541e7f\" data-element_type=\"column\" data-e-type=\"column\">\n\t\t\t<div class=\"elementor-widget-wrap elementor-element-populated\">\n\t\t\t\t\t\t<div class=\"elementor-element elementor-element-b47af90 elementor-widget elementor-widget-heading\" data-id=\"b47af90\" data-element_type=\"widget\" data-e-type=\"widget\" data-widget_type=\"heading.default\">\n\t\t\t\t<div class=\"elementor-widget-container\">\n\t\t\t\t\t<h1 class=\"elementor-heading-title elementor-size-default\">NOSSA COBERTURA<\/h1>\t\t\t\t<\/div>\n\t\t\t\t<\/div>\n\t\t\t\t<div class=\"elementor-element elementor-element-740338d elementor-widget elementor-widget-text-editor\" data-id=\"740338d\" data-element_type=\"widget\" data-e-type=\"widget\" data-widget_type=\"text-editor.default\">\n\t\t\t\t<div class=\"elementor-widget-container\">\n\t\t\t\t\t\t\t\t\t<h6 style=\"text-align: center;\"><span style=\"color: #ffffff;\"><strong>A Rede QDM de Televis\u00e3o<\/strong><\/span><br \/><span style=\"color: #ffffff;\">Possui distribui\u00e7\u00e3o nacional por meio de Operadoras, Provedores regionais e Plataformas de streaming, alcan\u00e7ando p\u00fablicos em todo o Brasil.<\/span><\/h6>\t\t\t\t\t\t\t\t<\/div>\n\t\t\t\t<\/div>\n\t\t\t\t<section class=\"elementor-section elementor-inner-section elementor-element elementor-element-b8d8df7 elementor-section-boxed elementor-section-height-default elementor-section-height-default\" data-id=\"b8d8df7\" data-element_type=\"section\" data-e-type=\"section\">\n\t\t\t\t\t\t<div class=\"elementor-container elementor-column-gap-default\">\n\t\t\t\t\t<div class=\"elementor-column elementor-col-100 elementor-inner-column elementor-element elementor-element-1144b5a\" data-id=\"1144b5a\" data-element_type=\"column\" data-e-type=\"column\">\n\t\t\t<div class=\"elementor-widget-wrap elementor-element-populated\">\n\t\t\t\t\t\t<div class=\"elementor-element elementor-element-4504e21 elementor-widget__width-initial elementor-widget-mobile__width-initial elementor-widget elementor-widget-shortcode\" data-id=\"4504e21\" data-element_type=\"widget\" data-e-type=\"widget\" data-widget_type=\"shortcode.default\">\n\t\t\t\t<div class=\"elementor-widget-container\">\n\t\t\t\t\t\t\t<div class=\"elementor-shortcode\">\n    <style>\n        .btn-midiakit {\n            display: inline-flex;\n            align-items: center;\n            justify-content: center;\n            gap: 10px;\n            padding: 16px 34px;\n            background: linear-gradient(135deg, #0066ff, #0099ff);\n            color: #ffffff;\n            font-size: 18px;\n            font-weight: 700;\n            border-radius: 50px;\n            text-decoration: none;\n            transition: all 0.3s ease;\n            box-shadow: 0 8px 20px rgba(0, 102, 255, 0.35);\n        }\n\n        .btn-midiakit:hover {\n            transform: translateY(-2px);\n            box-shadow: 0 12px 28px rgba(0, 102, 255, 0.5);\n            background: linear-gradient(135deg, #0052cc, #007fff);\n        }\n    <\/style>\n\n    <a class=\"btn-midiakit\" href=\"https:\/\/redeqdmdetelevisao.com.br\/wp-content\/uploads\/2026\/02\/Midiakit-Rede-QDM.pdf\" download>\n        \ud83d\udcd8 MIDIAKIT\n    <\/a>\n    \n<\/div>\n\t\t\t\t\t\t<\/div>\n\t\t\t\t<\/div>\n\t\t\t\t\t<\/div>\n\t\t<\/div>\n\t\t\t\t\t<\/div>\n\t\t<\/section>\n\t\t\t\t\t<\/div>\n\t\t<\/div>\n\t\t\t\t\t<\/div>\n\t\t<\/section>\n\t\t\t\t<section class=\"elementor-section elementor-top-section elementor-element elementor-element-bd5ce46 elementor-section-full_width elementor-section-stretched elementor-section-height-default elementor-section-height-default\" data-id=\"bd5ce46\" data-element_type=\"section\" data-e-type=\"section\" data-settings=\"{&quot;stretch_section&quot;:&quot;section-stretched&quot;}\">\n\t\t\t\t\t\t<div class=\"elementor-container elementor-column-gap-default\">\n\t\t\t\t\t<div class=\"elementor-column elementor-col-100 elementor-top-column elementor-element elementor-element-43efd91\" data-id=\"43efd91\" data-element_type=\"column\" data-e-type=\"column\">\n\t\t\t<div class=\"elementor-widget-wrap elementor-element-populated\">\n\t\t\t\t\t\t<div class=\"elementor-element elementor-element-effa348 elementor-widget elementor-widget-html\" data-id=\"effa348\" data-element_type=\"widget\" data-e-type=\"widget\" data-widget_type=\"html.default\">\n\t\t\t\t<div class=\"elementor-widget-container\">\n\t\t\t\t\t<style>\r\n\/* ===== RESET LOCAL ===== *\/\r\n.qdm-section *{\r\n  box-sizing:border-box;\r\n  font-family:Arial, Helvetica, sans-serif;\r\n}\r\n\r\n\/* ===== CONTE\u00daDO (MEIO) ===== *\/\r\n.qdm-section{\r\n  padding:80px 20px;\r\n  background:#f3f6fb;\r\n}\r\n\r\n.qdm-container{\r\n  max-width:1200px;\r\n  margin:auto;\r\n}\r\n\r\n.qdm-section h2{\r\n  font-size:34px;\r\n  color:#06193c;\r\n  margin-bottom:45px;\r\n  text-align:center;\r\n}\r\n\r\n.qdm-grid{\r\n  display:grid;\r\n  grid-template-columns:repeat(auto-fit, minmax(260px,1fr));\r\n  gap:30px;\r\n}\r\n\r\n.qdm-card{\r\n  background:#fff;\r\n  border-radius:14px;\r\n  padding:30px;\r\n  box-shadow:0 10px 25px rgba(0,0,0,.08);\r\n}\r\n\r\n.qdm-card h3{\r\n  color:#06193c;\r\n  font-size:22px;\r\n  margin-bottom:15px;\r\n}\r\n\r\n.qdm-card ul{\r\n  list-style:none;\r\n  padding:0;\r\n  margin:0;\r\n}\r\n\r\n.qdm-card ul li{\r\n  padding:6px 0;\r\n  font-size:16px;\r\n  color:#333;\r\n}\r\n\r\n\/* ===== RODAP\u00c9 \/ AUDI\u00caNCIA ===== *\/\r\n.qdm-audience{\r\n  background:\r\n    linear-gradient(\r\n      to top,\r\n      rgba(6,25,60,0.35) 0%,\r\n      rgba(6,25,60,0.55) 40%,\r\n      rgba(6,25,60,0.75) 100%\r\n    ),\r\n    url(\"https:\/\/redeqdmdetelevisao.com.br\/wp-content\/uploads\/2026\/02\/ChatGPT-Image-4-de-fev.-de-2026-12_01_00.png\");\r\n\r\n  background-size:cover;\r\n  background-position:center bottom;\r\n  background-repeat:no-repeat;\r\n\r\n  color:#fff;\r\n  padding:110px 20px;\r\n  text-align:center;\r\n}\r\n\r\n.qdm-audience h2{\r\n  font-size:38px;\r\n  margin-bottom:20px;\r\n}\r\n\r\n.qdm-audience p{\r\n  font-size:20px;\r\n  max-width:800px;\r\n  margin:0 auto 35px;\r\n  line-height:1.6;\r\n}\r\n\r\n.qdm-btn{\r\n  display:inline-block;\r\n  padding:16px 40px;\r\n  background:#ffcc00;\r\n  color:#06193c;\r\n  font-weight:bold;\r\n  text-decoration:none;\r\n  border-radius:50px;\r\n  font-size:16px;\r\n  transition:0.3s;\r\n}\r\n\r\n.qdm-btn:hover{\r\n  background:#ffd633;\r\n  transform:scale(1.05);\r\n}\r\n<\/style>\r\n\r\n<!-- ===== MEIO \/ PARCEIROS ===== -->\r\n<section class=\"qdm-section\">\r\n  <div class=\"qdm-container\">\r\n    <h2>Alguns de nossos Parceiros de Distribui\u00e7\u00e3o<\/h2>\r\n\r\n    <div class=\"qdm-grid\">\r\n\r\n      <div class=\"qdm-card\">\r\n        <h3>Distribuidores Nacionais<\/h3>\r\n        <ul>\r\n          <li>CDN TV<\/li>\r\n          <li>Ol\u00e9 TV<\/li>\r\n          <li>Multi TV<\/li>\r\n          <li>Entre outros<\/li>\r\n        <\/ul>\r\n      <\/div>\r\n\r\n      <div class=\"qdm-card\">\r\n        <h3>Provedores Regionais<\/h3>\r\n        <ul>\r\n          <li>Grupo Vialux<\/li>\r\n          <li>Winner<\/li>\r\n          <li>Moriah Net<\/li>\r\n          <li>JR Net<\/li>\r\n          <li>Tip Telecom<\/li>\r\n          <li>Dattas Telecom<\/li>\r\n          <li>Entre outros<\/li>\r\n        <\/ul>\r\n      <\/div>\r\n\r\n      <div class=\"qdm-card\">\r\n        <h3>Plataformas de Streaming<\/h3>\r\n        <ul>\r\n          <li>SoulTV<\/li>\r\n          <li>Innova<\/li>\r\n          <li>ITV<\/li>\r\n          <li>Limex<\/li>\r\n          <li>Brasil TV<\/li>\r\n          <li>Gigasat<\/li>\r\n          <li>MaxPlay<\/li>\r\n          <li>AfriTV<\/li>\r\n          <li>Entre outros<\/li>\r\n        <\/ul>\r\n      <\/div>\r\n\r\n    <\/div>\r\n  <\/div>\r\n<\/section>\r\n\r\n<!-- ===== RODAP\u00c9 \/ AUDI\u00caNCIA ===== -->\r\n<section class=\"qdm-audience\">\r\n  <h2>Distribui\u00e7\u00e3o em Todo o Brasil<\/h2>\r\n  <p>\r\n    Presen\u00e7a nacional por meio de operadoras,\r\n    provedores e plataformas FAST.\r\n  <\/p>\r\n\r\n  <!-- BOT\u00c3O DOWNLOAD PDF -->\r\n  <a href=\"https:\/\/redeqdmdetelevisao.com.br\/wp-content\/uploads\/2026\/02\/Cobertura-completa-rede-QDM.pdf\"\r\n     class=\"qdm-btn\"\r\n     target=\"_blank\"\r\n     download>\r\n     Baixar lista completa de operadoras e cobertura\r\n  <\/a>\r\n\r\n<\/section>\r\n\r\n\t\t\t\t<\/div>\n\t\t\t\t<\/div>\n\t\t\t\t<div class=\"elementor-element elementor-element-954d33e elementor-widget elementor-widget-html\" data-id=\"954d33e\" data-element_type=\"widget\" data-e-type=\"widget\" data-widget_type=\"html.default\">\n\t\t\t\t<div class=\"elementor-widget-container\">\n\t\t\t\t\t<!-- Rodap\u00e9 Institucional -->\r\n<footer class=\"qdm-footer\">\r\n  <div class=\"qdm-footer-content\">\r\n\r\n    <div class=\"qdm-footer-text\">\r\n      Grupo Atitudenew \u00a9 2006 - 2025 \u2013 Todos os direitos reservados<br>\r\n      <span class=\"qdm-footer-verse\">\"O Senhor \u00e9 a nossa Bandeira\"<\/span>\r\n    <\/div>\r\n\r\n    <div class=\"qdm-footer-social\">\r\n      <a href=\"https:\/\/www.facebook.com\/redeqdmtv\" target=\"_blank\" aria-label=\"Facebook\">\r\n        <!-- Facebook SVG -->\r\n        <svg viewBox=\"0 0 24 24\">\r\n          <path d=\"M22 12a10 10 0 1 0-11.5 9.9v-7H8v-3h2.5V9.5C10.5 7 12 5.6 14.3 5.6c1.1 0 2.2.2 2.2.2v2.4h-1.2c-1.2 0-1.6.7-1.6 1.5V12H16l-.4 3h-2.3v7A10 10 0 0 0 22 12z\"\/>\r\n        <\/svg>\r\n      <\/a>\r\n\r\n      <a href=\"https:\/\/www.instagram.com\/rede_qdm_oficial\/\" target=\"_blank\" aria-label=\"Instagram\">\r\n        <!-- Instagram SVG -->\r\n        <svg viewBox=\"0 0 24 24\">\r\n          <path d=\"M12 2.2c3.2 0 3.6 0 4.9.1 1.2.1 1.9.3 2.3.5.6.3 1 .7 1.5 1.2.5.5.9.9 1.2 1.5.2.4.4 1.1.5 2.3.1 1.3.1 1.7.1 4.9s0 3.6-.1 4.9c-.1 1.2-.3 1.9-.5 2.3-.3.6-.7 1-1.2 1.5-.5.5-.9.9-1.5 1.2-.4.2-1.1.4-2.3.5-1.3.1-1.7.1-4.9.1s-3.6 0-4.9-.1c-1.2-.1-1.9-.3-2.3-.5-.6-.3-1-.7-1.5-1.2-.5-.5-.9-.9-1.2-1.5-.2-.4-.4-1.1-.5-2.3C2.2 15.6 2.2 15.2 2.2 12s0-3.6.1-4.9c.1-1.2.3-1.9.5-2.3.3-.6.7-1 1.2-1.5.5-.5.9-.9 1.5-1.2.4-.2 1.1-.4 2.3-.5C8.4 2.2 8.8 2.2 12 2.2zm0 3.6a6.2 6.2 0 1 0 0 12.4 6.2 6.2 0 0 0 0-12.4zm0 10.2a4 4 0 1 1 0-8 4 4 0 0 1 0 8zm6.4-10.7a1.4 1.4 0 1 1-2.8 0 1.4 1.4 0 0 1 2.8 0z\"\/>\r\n        <\/svg>\r\n      <\/a>\r\n\r\n      <a href=\"https:\/\/www.youtube.com\/channel\/UCKK_7u67J5NPJatQT0WXF3Q\" target=\"_blank\" aria-label=\"YouTube\">\r\n        <!-- YouTube SVG -->\r\n        <svg viewBox=\"0 0 24 24\">\r\n          <path d=\"M23.5 6.2s-.2-1.6-.8-2.3c-.8-.9-1.7-.9-2.1-1C17.6 2.5 12 2.5 12 2.5h0s-5.6 0-8.6.4c-.4.1-1.3.1-2.1 1-.6.7-.8 2.3-.8 2.3S0 8 0 9.8v1.9c0 1.8.2 3.6.2 3.6s.2 1.6.8 2.3c.8.9 1.9.9 2.4 1 1.7.2 7.6.4 7.6.4s5.6 0 8.6-.4c.4-.1 1.3-.1 2.1-1 .6-.7.8-2.3.8-2.3s.2-1.8.2-3.6V9.8c0-1.8-.2-3.6-.2-3.6zM9.5 14.7V8.9l6.2 2.9-6.2 2.9z\"\/>\r\n        <\/svg>\r\n      <\/a>\r\n    <\/div>\r\n\r\n  <\/div>\r\n<\/footer>\r\n\r\n<style>\r\n\/* Rodap\u00e9 *\/\r\n.qdm-footer {\r\n  background-color: #032550;\r\n  color: #ffffff;\r\n  padding: 20px 10px;\r\n  font-family: Arial, sans-serif;\r\n}\r\n\r\n.qdm-footer-content {\r\n  max-width: 1200px;\r\n  margin: 0 auto;\r\n  display: flex;\r\n  flex-wrap: wrap;\r\n  justify-content: space-between;\r\n  align-items: center;\r\n  gap: 15px;\r\n}\r\n\r\n\/* Texto *\/\r\n.qdm-footer-text {\r\n  font-size: 14px;\r\n  line-height: 1.5;\r\n}\r\n\r\n.qdm-footer-verse {\r\n  font-style: italic;\r\n  opacity: 0.85;\r\n}\r\n\r\n\/* Redes sociais *\/\r\n.qdm-footer-social {\r\n  display: flex;\r\n  gap: 16px;\r\n}\r\n\r\n.qdm-footer-social a svg {\r\n  width: 24px;\r\n  height: 24px;\r\n  fill: #ffffff;\r\n  transition: transform 0.2s, opacity 0.2s;\r\n}\r\n\r\n.qdm-footer-social a:hover svg {\r\n  transform: scale(1.15);\r\n  opacity: 0.8;\r\n}\r\n\r\n\/* Responsivo *\/\r\n@media (max-width: 768px) {\r\n  .qdm-footer-content {\r\n    flex-direction: column;\r\n    text-align: center;\r\n  }\r\n}\r\n<\/style>\r\n\t\t\t\t<\/div>\n\t\t\t\t<\/div>\n\t\t\t\t\t<\/div>\n\t\t<\/div>\n\t\t\t\t\t<\/div>\n\t\t<\/section>\n\t\t\t\t<\/div>\n\t\t","protected":false},"excerpt":{"rendered":"<p>Portal Atitudenew TV Atitudenew Grupo Atitudenew Voltar NOSSA COBERTURA A Rede QDM de Televis\u00e3oPossui distribui\u00e7\u00e3o nacional por meio de Operadoras, Provedores regionais e Plataformas de streaming, alcan\u00e7ando p\u00fablicos em todo o Brasil. Alguns de nossos Parceiros de Distribui\u00e7\u00e3o Distribuidores Nacionais CDN TV Ol\u00e9 TV Multi TV Entre outros Provedores Regionais Grupo Vialux Winner Moriah Net [&hellip;]<\/p>\n","protected":false},"author":1,"featured_media":0,"parent":0,"menu_order":0,"comment_status":"closed","ping_status":"closed","template":"elementor_canvas","meta":{"footnotes":""},"class_list":["post-11","page","type-page","status-publish","hentry"],"_links":{"self":[{"href":"https:\/\/redeqdmdetelevisao.com.br\/index.php?rest_route=\/wp\/v2\/pages\/11","targetHints":{"allow":["GET"]}}],"collection":[{"href":"https:\/\/redeqdmdetelevisao.com.br\/index.php?rest_route=\/wp\/v2\/pages"}],"about":[{"href":"https:\/\/redeqdmdetelevisao.com.br\/index.php?rest_route=\/wp\/v2\/types\/page"}],"author":[{"embeddable":true,"href":"https:\/\/redeqdmdetelevisao.com.br\/index.php?rest_route=\/wp\/v2\/users\/1"}],"replies":[{"embeddable":true,"href":"https:\/\/redeqdmdetelevisao.com.br\/index.php?rest_route=%2Fwp%2Fv2%2Fcomments&post=11"}],"version-history":[{"count":365,"href":"https:\/\/redeqdmdetelevisao.com.br\/index.php?rest_route=\/wp\/v2\/pages\/11\/revisions"}],"predecessor-version":[{"id":3337,"href":"https:\/\/redeqdmdetelevisao.com.br\/index.php?rest_route=\/wp\/v2\/pages\/11\/revisions\/3337"}],"wp:attachment":[{"href":"https:\/\/redeqdmdetelevisao.com.br\/index.php?rest_route=%2Fwp%2Fv2%2Fmedia&parent=11"}],"curies":[{"name":"wp","href":"https:\/\/api.w.org\/{rel}","templated":true}]}}