{"id":1808,"date":"2024-07-27T18:48:41","date_gmt":"2024-07-27T21:48:41","guid":{"rendered":"https:\/\/redeqdmdetelevisao.com.br\/?page_id=1808"},"modified":"2026-02-17T10:55:11","modified_gmt":"2026-02-17T13:55:11","slug":"comercial","status":"publish","type":"page","link":"https:\/\/redeqdmdetelevisao.com.br\/?page_id=1808","title":{"rendered":"Comercial"},"content":{"rendered":"\t\t<div data-elementor-type=\"wp-page\" data-elementor-id=\"1808\" class=\"elementor elementor-1808\">\n\t\t\t\t\t\t<section class=\"elementor-section elementor-top-section elementor-element elementor-element-a27ba48 elementor-section-boxed elementor-section-height-default elementor-section-height-default\" data-id=\"a27ba48\" data-element_type=\"section\" data-e-type=\"section\" data-settings=\"{&quot;background_background&quot;:&quot;classic&quot;}\">\n\t\t\t\t\t\t<div class=\"elementor-container elementor-column-gap-default\">\n\t\t\t\t\t<div class=\"elementor-column elementor-col-100 elementor-top-column elementor-element elementor-element-e16178d\" data-id=\"e16178d\" data-element_type=\"column\" data-e-type=\"column\">\n\t\t\t<div class=\"elementor-widget-wrap elementor-element-populated\">\n\t\t\t\t\t\t<div class=\"elementor-element elementor-element-bcc9975 elementor-widget-divider--view-line elementor-widget elementor-widget-divider\" data-id=\"bcc9975\" data-element_type=\"widget\" data-e-type=\"widget\" data-widget_type=\"divider.default\">\n\t\t\t\t<div class=\"elementor-widget-container\">\n\t\t\t\t\t\t\t<div class=\"elementor-divider\">\n\t\t\t<span class=\"elementor-divider-separator\">\n\t\t\t\t\t\t<\/span>\n\t\t<\/div>\n\t\t\t\t\t\t<\/div>\n\t\t\t\t<\/div>\n\t\t\t\t\t<\/div>\n\t\t<\/div>\n\t\t\t\t\t<\/div>\n\t\t<\/section>\n\t\t\t\t<section class=\"elementor-section elementor-top-section elementor-element elementor-element-85e4d0c elementor-section-boxed elementor-section-height-default elementor-section-height-default\" data-id=\"85e4d0c\" data-element_type=\"section\" data-e-type=\"section\">\n\t\t\t\t\t\t<div class=\"elementor-container elementor-column-gap-default\">\n\t\t\t\t\t<div class=\"elementor-column elementor-col-100 elementor-top-column elementor-element elementor-element-bfdd6b6\" data-id=\"bfdd6b6\" data-element_type=\"column\" data-e-type=\"column\">\n\t\t\t<div class=\"elementor-widget-wrap elementor-element-populated\">\n\t\t\t\t\t\t<div class=\"elementor-element elementor-element-c9e66cd elementor-widget elementor-widget-image\" data-id=\"c9e66cd\" data-element_type=\"widget\" data-e-type=\"widget\" data-widget_type=\"image.default\">\n\t\t\t\t<div class=\"elementor-widget-container\">\n\t\t\t\t\t\t\t\t\t\t\t\t\t\t\t<img fetchpriority=\"high\" decoding=\"async\" width=\"300\" height=\"300\" src=\"https:\/\/redeqdmdetelevisao.com.br\/wp-content\/uploads\/2023\/06\/cropped-SEM-FUNDO-1-300x300.png\" class=\"attachment-medium size-medium wp-image-27\" alt=\"\" srcset=\"https:\/\/redeqdmdetelevisao.com.br\/wp-content\/uploads\/2023\/06\/cropped-SEM-FUNDO-1-300x300.png 300w, https:\/\/redeqdmdetelevisao.com.br\/wp-content\/uploads\/2023\/06\/cropped-SEM-FUNDO-1-150x150.png 150w, https:\/\/redeqdmdetelevisao.com.br\/wp-content\/uploads\/2023\/06\/cropped-SEM-FUNDO-1-270x270.png 270w, https:\/\/redeqdmdetelevisao.com.br\/wp-content\/uploads\/2023\/06\/cropped-SEM-FUNDO-1-192x192.png 192w, https:\/\/redeqdmdetelevisao.com.br\/wp-content\/uploads\/2023\/06\/cropped-SEM-FUNDO-1-180x180.png 180w, https:\/\/redeqdmdetelevisao.com.br\/wp-content\/uploads\/2023\/06\/cropped-SEM-FUNDO-1-32x32.png 32w, https:\/\/redeqdmdetelevisao.com.br\/wp-content\/uploads\/2023\/06\/cropped-SEM-FUNDO-1.png 512w\" sizes=\"(max-width: 300px) 100vw, 300px\" \/>\t\t\t\t\t\t\t\t\t\t\t\t\t\t\t<\/div>\n\t\t\t\t<\/div>\n\t\t\t\t<div class=\"elementor-element elementor-element-e92071f elementor-align-center elementor-widget elementor-widget-button\" data-id=\"e92071f\" data-element_type=\"widget\" data-e-type=\"widget\" data-widget_type=\"button.default\">\n\t\t\t\t<div class=\"elementor-widget-container\">\n\t\t\t\t\t\t\t\t\t<div class=\"elementor-button-wrapper\">\n\t\t\t\t\t<a class=\"elementor-button elementor-button-link elementor-size-sm\" href=\"https:\/\/redeqdmdetelevisao.com.br\/\">\n\t\t\t\t\t\t<span class=\"elementor-button-content-wrapper\">\n\t\t\t\t\t\t\t\t\t<span class=\"elementor-button-text\">Voltar<\/span>\n\t\t\t\t\t<\/span>\n\t\t\t\t\t<\/a>\n\t\t\t\t<\/div>\n\t\t\t\t\t\t\t\t<\/div>\n\t\t\t\t<\/div>\n\t\t\t\t\t<\/div>\n\t\t<\/div>\n\t\t\t\t\t<\/div>\n\t\t<\/section>\n\t\t\t\t<section class=\"elementor-section elementor-top-section elementor-element elementor-element-111e324 elementor-section-boxed elementor-section-height-default elementor-section-height-default\" data-id=\"111e324\" data-element_type=\"section\" data-e-type=\"section\">\n\t\t\t\t\t\t<div class=\"elementor-container elementor-column-gap-default\">\n\t\t\t\t\t<div class=\"elementor-column elementor-col-100 elementor-top-column elementor-element elementor-element-8f59a8d\" data-id=\"8f59a8d\" data-element_type=\"column\" data-e-type=\"column\">\n\t\t\t<div class=\"elementor-widget-wrap elementor-element-populated\">\n\t\t\t\t\t\t<div class=\"elementor-element elementor-element-848e50d elementor-widget-divider--view-line elementor-widget elementor-widget-divider\" data-id=\"848e50d\" data-element_type=\"widget\" data-e-type=\"widget\" data-widget_type=\"divider.default\">\n\t\t\t\t<div class=\"elementor-widget-container\">\n\t\t\t\t\t\t\t<div class=\"elementor-divider\">\n\t\t\t<span class=\"elementor-divider-separator\">\n\t\t\t\t\t\t<\/span>\n\t\t<\/div>\n\t\t\t\t\t\t<\/div>\n\t\t\t\t<\/div>\n\t\t\t\t<div class=\"elementor-element elementor-element-5b2e3d9 elementor-widget elementor-widget-heading\" data-id=\"5b2e3d9\" data-element_type=\"widget\" data-e-type=\"widget\" data-widget_type=\"heading.default\">\n\t\t\t\t<div class=\"elementor-widget-container\">\n\t\t\t\t\t<h2 class=\"elementor-heading-title elementor-size-default\">DEPARTAMENTO COMERCIAL<\/h2>\t\t\t\t<\/div>\n\t\t\t\t<\/div>\n\t\t\t\t\t<\/div>\n\t\t<\/div>\n\t\t\t\t\t<\/div>\n\t\t<\/section>\n\t\t\t\t<section class=\"elementor-section elementor-top-section elementor-element elementor-element-2492f6f elementor-section-boxed elementor-section-height-default elementor-section-height-default\" data-id=\"2492f6f\" data-element_type=\"section\" data-e-type=\"section\">\n\t\t\t\t\t\t<div class=\"elementor-container elementor-column-gap-default\">\n\t\t\t\t\t<div class=\"elementor-column elementor-col-100 elementor-top-column elementor-element elementor-element-e1d4ab7\" data-id=\"e1d4ab7\" data-element_type=\"column\" data-e-type=\"column\">\n\t\t\t<div class=\"elementor-widget-wrap elementor-element-populated\">\n\t\t\t\t\t\t<div class=\"elementor-element elementor-element-705ed86 elementor-widget elementor-widget-html\" data-id=\"705ed86\" data-element_type=\"widget\" data-e-type=\"widget\" data-widget_type=\"html.default\">\n\t\t\t\t<div class=\"elementor-widget-container\">\n\t\t\t\t\t<style>\r\n.qdm-anuncie {\r\nbackground:linear-gradient(180deg,#f2f4f8,#e4e8ef);\r\npadding:120px 0;\r\nposition:relative;\r\n}\r\n\r\n.qdm-anuncie::before{\r\ncontent:\"\";\r\nposition:absolute;\r\ninset:0;\r\nbackground:url('https:\/\/upload.wikimedia.org\/wikipedia\/commons\/8\/80\/World_map_-_low_resolution.svg') center\/contain no-repeat;\r\nopacity:0.25;\r\n}\r\n\r\n.qdm-container{\r\nmax-width:1200px;\r\nmargin:auto;\r\npadding:40px;\r\nposition:relative;\r\nz-index:2;\r\nfont-family:Segoe UI,Arial;\r\n}\r\n\r\n.qdm-hero{\r\ntext-align:center;\r\nmargin-bottom:60px;\r\n}\r\n\r\n.qdm-hero h1{\r\nfont-size:48px;\r\ncolor:#000;\r\nfont-weight:700;\r\n}\r\n\r\n.qdm-hero p{\r\nfont-size:20px;\r\ncolor:#333;\r\n}\r\n\r\n.qdm-grid{\r\ndisplay:grid;\r\ngrid-template-columns:repeat(auto-fit,minmax(280px,1fr));\r\ngap:25px;\r\nmargin-bottom:60px;\r\n}\r\n\r\n.qdm-card{\r\nbackground:#fff;\r\nborder:1px solid #d6dce5;\r\npadding:25px;\r\nborder-radius:12px;\r\ntransition:.3s;\r\ntext-align:left;\r\n}\r\n\r\n.qdm-card:hover{\r\ntransform:scale(1.08);\r\nbox-shadow:0 15px 40px rgba(0,0,0,.15);\r\n}\r\n\r\n.qdm-card h3{\r\ncolor:#000;\r\n}\r\n\r\n\/* === STATS COMO CARDS PREMIUM === *\/\r\n.qdm-stats{\r\ndisplay:grid;\r\ngrid-template-columns:repeat(auto-fit,minmax(240px,1fr));\r\ngap:25px;\r\nmargin-top:50px;\r\n}\r\n\r\n.qdm-stat{\r\nbackground:#fff;\r\nborder:1px solid #d6dce5;\r\npadding:25px;\r\nborder-radius:12px;\r\ntext-align:center;\r\ntransition:.3s;\r\n}\r\n\r\n.qdm-stat:hover{\r\ntransform:scale(1.08);\r\nbox-shadow:0 15px 40px rgba(0,0,0,.15);\r\n}\r\n\r\n.qdm-stat strong{\r\ndisplay:block;\r\nfont-size:20px;\r\ncolor:#000;\r\nmargin-bottom:8px;\r\n}\r\n\r\n\/* FORM BOX *\/\r\n.qdm-form-box{\r\nbackground:#fff;\r\nborder:1px solid #d6dce5;\r\npadding:35px;\r\nborder-radius:12px;\r\nmax-width:800px;\r\nmargin:40px auto 0;\r\nbox-shadow:0 10px 30px rgba(0,0,0,.12);\r\n}\r\n\r\n\/* BOT\u00c3O NINJA FORMS *\/\r\n.nf-form-content input[type=submit]{\r\nbackground:#111!important;\r\ncolor:#fff!important;\r\npadding:14px 22px!important;\r\nborder-radius:6px!important;\r\nfont-weight:700!important;\r\nborder:none!important;\r\n}\r\n\r\n.nf-form-content input[type=submit]:hover{\r\nbackground:#333!important;\r\n}\r\n<\/style>\r\n\r\n<section class=\"qdm-anuncie\">\r\n<div class=\"qdm-container\">\r\n\r\n<div class=\"qdm-hero\">\r\n<h1>ANUNCIE CONOSCO<\/h1>\r\n<p>Alcance milh\u00f5es. Impacte o mercado. Rede QDM Televis\u00e3o multiplataforma.<\/p>\r\n<\/div>\r\n\r\n<div class=\"qdm-grid\">\r\n\r\n<div class=\"qdm-card\">\r\n<h3>Spots de TV<\/h3>\r\n<ul>\r\n<li>Comerciais <\/li>\r\n<li>Patroc\u00ednio de Programas<\/li>\r\n<li>Merchandising<\/li>\r\n<\/ul>\r\n<\/div>\r\n\r\n<div class=\"qdm-card\">\r\n<h3>Plataformas Digitais<\/h3>\r\n<ul>\r\n<li>Banners Digitais<\/li>\r\n<li>Exibi\u00e7\u00e3o de impacto<\/li>\r\n<li>internet e OTT<\/li>\r\n<\/ul>\r\n<\/div>\r\n\r\n<div class=\"qdm-card\">\r\n<h3>Projetos Especiais<\/h3>\r\n<ul>\r\n<li>Conte\u00fado Exclusivo<\/li>\r\n<li>Ativa\u00e7\u00f5es de Marca<\/li>\r\n<li>Eventos Corporativos<\/li>\r\n<\/ul>\r\n<\/div>\r\n\r\n<\/div>\r\n\r\n<!-- CARDS DE ESTAT\u00cdSTICAS -->\r\n<div class=\"qdm-stats\">\r\n\r\n<div class=\"qdm-stat\">\r\n<strong>AUDI\u00caNCIA EXPANSIVA<\/strong>\r\nMilh\u00f5es de telespectadores\r\n<\/div>\r\n\r\n<div class=\"qdm-stat\">\r\n<strong>SEGMENTA\u00c7\u00c3O PRECISA<\/strong>\r\nDados demogr\u00e1ficos\r\n<\/div>\r\n\r\n<div class=\"qdm-stat\">\r\n<strong>CREDIBILIDADE<\/strong>\r\nDesde 2006\r\n<\/div>\r\n\r\n<div class=\"qdm-stat\">\r\n<strong>ALCANCE NACIONAL<\/strong>\r\nOperadoras, Provedores e Streaming\r\n<\/div>\r\n\r\n<\/div>\r\n\r\n<\/div>\r\n<\/section>\r\n\r\n<?php\r\nreturn ob_get_clean();\r\n});\r\n\r\n\r\n\r\n\r\n\t\t\t\t<\/div>\n\t\t\t\t<\/div>\n\t\t\t\t\t<\/div>\n\t\t<\/div>\n\t\t\t\t\t<\/div>\n\t\t<\/section>\n\t\t\t\t<section class=\"elementor-section elementor-top-section elementor-element elementor-element-ac431f5 elementor-section-boxed elementor-section-height-default elementor-section-height-default\" data-id=\"ac431f5\" data-element_type=\"section\" data-e-type=\"section\">\n\t\t\t\t\t\t<div class=\"elementor-container elementor-column-gap-default\">\n\t\t\t\t\t<div class=\"elementor-column elementor-col-100 elementor-top-column elementor-element elementor-element-95db642\" data-id=\"95db642\" data-element_type=\"column\" data-e-type=\"column\">\n\t\t\t<div class=\"elementor-widget-wrap elementor-element-populated\">\n\t\t\t\t\t\t<div class=\"elementor-element elementor-element-769c5fe elementor-widget elementor-widget-heading\" data-id=\"769c5fe\" data-element_type=\"widget\" data-e-type=\"widget\" data-widget_type=\"heading.default\">\n\t\t\t\t<div class=\"elementor-widget-container\">\n\t\t\t\t\t<h6 class=\"elementor-heading-title elementor-size-default\">Fale com o Comercial<\/h6>\t\t\t\t<\/div>\n\t\t\t\t<\/div>\n\t\t\t\t<div class=\"elementor-element elementor-element-6200223 elementor-widget elementor-widget-text-editor\" data-id=\"6200223\" data-element_type=\"widget\" data-e-type=\"widget\" data-widget_type=\"text-editor.default\">\n\t\t\t\t<div class=\"elementor-widget-container\">\n\t\t\t\t\t\t\t\t\t<p>\u00a0 \u00a0Para solicitar informa\u00e7\u00f5es do departamento comercial, entre em contato com o escrit\u00f3rio referente \u00e0 sua regi\u00e3o atrav\u00e9s dos telefones ou e-mails listados a baixo.<\/p>\t\t\t\t\t\t\t\t<\/div>\n\t\t\t\t<\/div>\n\t\t\t\t\t<\/div>\n\t\t<\/div>\n\t\t\t\t\t<\/div>\n\t\t<\/section>\n\t\t\t\t<section class=\"elementor-section elementor-top-section elementor-element elementor-element-52d79ab elementor-section-boxed elementor-section-height-default elementor-section-height-default\" data-id=\"52d79ab\" data-element_type=\"section\" data-e-type=\"section\">\n\t\t\t\t\t\t<div class=\"elementor-container elementor-column-gap-default\">\n\t\t\t\t\t<div class=\"elementor-column elementor-col-33 elementor-top-column elementor-element elementor-element-4863244\" data-id=\"4863244\" data-element_type=\"column\" data-e-type=\"column\" data-settings=\"{&quot;background_background&quot;:&quot;classic&quot;}\">\n\t\t\t<div class=\"elementor-widget-wrap elementor-element-populated\">\n\t\t\t\t\t\t<div class=\"elementor-element elementor-element-5033d36 elementor-widget elementor-widget-heading\" data-id=\"5033d36\" data-element_type=\"widget\" data-e-type=\"widget\" data-widget_type=\"heading.default\">\n\t\t\t\t<div class=\"elementor-widget-container\">\n\t\t\t\t\t<h6 class=\"elementor-heading-title elementor-size-default\">Rede QDM S\u00e3o Paulo<\/h6>\t\t\t\t<\/div>\n\t\t\t\t<\/div>\n\t\t\t\t<div class=\"elementor-element elementor-element-3940336 elementor-widget elementor-widget-text-editor\" data-id=\"3940336\" data-element_type=\"widget\" data-e-type=\"widget\" data-widget_type=\"text-editor.default\">\n\t\t\t\t<div class=\"elementor-widget-container\">\n\t\t\t\t\t\t\t\t\t<p>(11) 99383-8836 \/ (19) 99535-3337<\/p><p>amandatv658@gmail.com<\/p><p>Rua: Itanha\u00e9m, 527, Vila Prudente &#8211; Mooca\u00a0<\/p><p>\u00a0<\/p>\t\t\t\t\t\t\t\t<\/div>\n\t\t\t\t<\/div>\n\t\t\t\t\t<\/div>\n\t\t<\/div>\n\t\t\t\t<div class=\"elementor-column elementor-col-33 elementor-top-column elementor-element elementor-element-2107c62\" data-id=\"2107c62\" data-element_type=\"column\" data-e-type=\"column\" data-settings=\"{&quot;background_background&quot;:&quot;classic&quot;}\">\n\t\t\t<div class=\"elementor-widget-wrap elementor-element-populated\">\n\t\t\t\t\t\t<div class=\"elementor-element elementor-element-8dce213 elementor-widget elementor-widget-heading\" data-id=\"8dce213\" data-element_type=\"widget\" data-e-type=\"widget\" data-widget_type=\"heading.default\">\n\t\t\t\t<div class=\"elementor-widget-container\">\n\t\t\t\t\t<h6 class=\"elementor-heading-title elementor-size-default\">Rede QDM Campinas - SP<\/h6>\t\t\t\t<\/div>\n\t\t\t\t<\/div>\n\t\t\t\t<div class=\"elementor-element elementor-element-878e9fe elementor-widget elementor-widget-text-editor\" data-id=\"878e9fe\" data-element_type=\"widget\" data-e-type=\"widget\" data-widget_type=\"text-editor.default\">\n\t\t\t\t<div class=\"elementor-widget-container\">\n\t\t\t\t\t\t\t\t\t<p>(19) 99489-4157\u00a0 \/\u00a0 \u00a0(19) 98609-0142\u00a0<\/p><p>atitudenewbr@gmail.com<\/p><p>Rua: Coelho Neto 193 Vila Itapura\u00a0<\/p>\t\t\t\t\t\t\t\t<\/div>\n\t\t\t\t<\/div>\n\t\t\t\t\t<\/div>\n\t\t<\/div>\n\t\t\t\t<div class=\"elementor-column elementor-col-33 elementor-top-column elementor-element elementor-element-a1e3ec5\" data-id=\"a1e3ec5\" data-element_type=\"column\" data-e-type=\"column\" data-settings=\"{&quot;background_background&quot;:&quot;classic&quot;}\">\n\t\t\t<div class=\"elementor-widget-wrap elementor-element-populated\">\n\t\t\t\t\t\t<div class=\"elementor-element elementor-element-8b6b32d elementor-widget elementor-widget-heading\" data-id=\"8b6b32d\" data-element_type=\"widget\" data-e-type=\"widget\" data-widget_type=\"heading.default\">\n\t\t\t\t<div class=\"elementor-widget-container\">\n\t\t\t\t\t<h6 class=\"elementor-heading-title elementor-size-default\">Rede QDM Jaguariuna - SP<\/h6>\t\t\t\t<\/div>\n\t\t\t\t<\/div>\n\t\t\t\t<div class=\"elementor-element elementor-element-9f1d2a0 elementor-widget elementor-widget-text-editor\" data-id=\"9f1d2a0\" data-element_type=\"widget\" data-e-type=\"widget\" data-widget_type=\"text-editor.default\">\n\t\t\t\t<div class=\"elementor-widget-container\">\n\t\t\t\t\t\t\t\t\t<p>(19) 97418-9480<\/p><p>\u00a0billyrovaron@gmail.com\u00a0<\/p><p>Rua: Amap\u00e1 N\u00b043 Sala 30\u00a0<\/p>\t\t\t\t\t\t\t\t<\/div>\n\t\t\t\t<\/div>\n\t\t\t\t\t<\/div>\n\t\t<\/div>\n\t\t\t\t\t<\/div>\n\t\t<\/section>\n\t\t\t\t<section class=\"elementor-section elementor-top-section elementor-element elementor-element-f9c55c1 elementor-section-boxed elementor-section-height-default elementor-section-height-default\" data-id=\"f9c55c1\" data-element_type=\"section\" data-e-type=\"section\">\n\t\t\t\t\t\t<div class=\"elementor-container elementor-column-gap-default\">\n\t\t\t\t\t<div class=\"elementor-column elementor-col-33 elementor-top-column elementor-element elementor-element-547df0a\" data-id=\"547df0a\" data-element_type=\"column\" data-e-type=\"column\" data-settings=\"{&quot;background_background&quot;:&quot;classic&quot;}\">\n\t\t\t<div class=\"elementor-widget-wrap elementor-element-populated\">\n\t\t\t\t\t\t<div class=\"elementor-element elementor-element-5414e5f elementor-widget elementor-widget-heading\" data-id=\"5414e5f\" data-element_type=\"widget\" data-e-type=\"widget\" data-widget_type=\"heading.default\">\n\t\t\t\t<div class=\"elementor-widget-container\">\n\t\t\t\t\t<h6 class=\"elementor-heading-title elementor-size-default\">Rede QDM Piracicaba - SP<\/h6>\t\t\t\t<\/div>\n\t\t\t\t<\/div>\n\t\t\t\t<div class=\"elementor-element elementor-element-ab5eef5 elementor-widget elementor-widget-text-editor\" data-id=\"ab5eef5\" data-element_type=\"widget\" data-e-type=\"widget\" data-widget_type=\"text-editor.default\">\n\t\t\t\t<div class=\"elementor-widget-container\">\n\t\t\t\t\t\t\t\t\t<p>(19) 99489-4157\u00a0 \/\u00a0 \u00a0(19) 98609-0142\u00a0<\/p><p>atitudenewbr@gmail.com<\/p><p>Rua: Aquilino Pacheco,1053 Bairro Alto<\/p>\t\t\t\t\t\t\t\t<\/div>\n\t\t\t\t<\/div>\n\t\t\t\t\t<\/div>\n\t\t<\/div>\n\t\t\t\t<div class=\"elementor-column elementor-col-33 elementor-top-column elementor-element elementor-element-10fe07d\" data-id=\"10fe07d\" data-element_type=\"column\" data-e-type=\"column\" data-settings=\"{&quot;background_background&quot;:&quot;classic&quot;}\">\n\t\t\t<div class=\"elementor-widget-wrap elementor-element-populated\">\n\t\t\t\t\t\t\t<\/div>\n\t\t<\/div>\n\t\t\t\t<div class=\"elementor-column elementor-col-33 elementor-top-column elementor-element elementor-element-6470871\" data-id=\"6470871\" data-element_type=\"column\" data-e-type=\"column\" data-settings=\"{&quot;background_background&quot;:&quot;classic&quot;}\">\n\t\t\t<div class=\"elementor-widget-wrap elementor-element-populated\">\n\t\t\t\t\t\t\t<\/div>\n\t\t<\/div>\n\t\t\t\t\t<\/div>\n\t\t<\/section>\n\t\t\t\t<section class=\"elementor-section elementor-top-section elementor-element elementor-element-585b395 elementor-section-boxed elementor-section-height-default elementor-section-height-default\" data-id=\"585b395\" data-element_type=\"section\" data-e-type=\"section\">\n\t\t\t\t\t\t<div class=\"elementor-container elementor-column-gap-default\">\n\t\t\t\t\t<div class=\"elementor-column elementor-col-100 elementor-top-column elementor-element elementor-element-028d9b2\" data-id=\"028d9b2\" data-element_type=\"column\" data-e-type=\"column\">\n\t\t\t<div class=\"elementor-widget-wrap elementor-element-populated\">\n\t\t\t\t\t\t<div class=\"elementor-element elementor-element-30a5b2d elementor-widget-divider--view-line elementor-widget elementor-widget-divider\" data-id=\"30a5b2d\" data-element_type=\"widget\" data-e-type=\"widget\" data-widget_type=\"divider.default\">\n\t\t\t\t<div class=\"elementor-widget-container\">\n\t\t\t\t\t\t\t<div class=\"elementor-divider\">\n\t\t\t<span class=\"elementor-divider-separator\">\n\t\t\t\t\t\t<\/span>\n\t\t<\/div>\n\t\t\t\t\t\t<\/div>\n\t\t\t\t<\/div>\n\t\t\t\t\t<\/div>\n\t\t<\/div>\n\t\t\t\t\t<\/div>\n\t\t<\/section>\n\t\t\t\t<section class=\"elementor-section elementor-top-section elementor-element elementor-element-784f9bb elementor-section-full_width elementor-section-stretched elementor-section-height-default elementor-section-height-default\" data-id=\"784f9bb\" data-element_type=\"section\" data-e-type=\"section\" data-settings=\"{&quot;stretch_section&quot;:&quot;section-stretched&quot;}\">\n\t\t\t\t\t\t<div class=\"elementor-container elementor-column-gap-default\">\n\t\t\t\t\t<div class=\"elementor-column elementor-col-100 elementor-top-column elementor-element elementor-element-4f958fb\" data-id=\"4f958fb\" data-element_type=\"column\" data-e-type=\"column\">\n\t\t\t<div class=\"elementor-widget-wrap elementor-element-populated\">\n\t\t\t\t\t\t<div class=\"elementor-element elementor-element-be5f7be elementor-widget elementor-widget-html\" data-id=\"be5f7be\" data-element_type=\"widget\" data-e-type=\"widget\" data-widget_type=\"html.default\">\n\t\t\t\t<div class=\"elementor-widget-container\">\n\t\t\t\t\t<!-- Rodap\u00e9 Institucional -->\r\n<footer class=\"qdm-footer\">\r\n  <div class=\"qdm-footer-content\">\r\n\r\n    <div class=\"qdm-footer-text\">\r\n      Grupo Atitudenew \u00a9 2006 - 2025 \u2013 Todos os direitos reservados<br>\r\n      <span class=\"qdm-footer-verse\">\"O Senhor \u00e9 a nossa Bandeira\"<\/span>\r\n    <\/div>\r\n\r\n    <div class=\"qdm-footer-social\">\r\n      <a href=\"https:\/\/www.facebook.com\/redeqdmtv\" target=\"_blank\" aria-label=\"Facebook\">\r\n        <!-- Facebook SVG -->\r\n        <svg viewBox=\"0 0 24 24\">\r\n          <path d=\"M22 12a10 10 0 1 0-11.5 9.9v-7H8v-3h2.5V9.5C10.5 7 12 5.6 14.3 5.6c1.1 0 2.2.2 2.2.2v2.4h-1.2c-1.2 0-1.6.7-1.6 1.5V12H16l-.4 3h-2.3v7A10 10 0 0 0 22 12z\"\/>\r\n        <\/svg>\r\n      <\/a>\r\n\r\n      <a href=\"https:\/\/www.instagram.com\/rede_qdm_oficial\/\" target=\"_blank\" aria-label=\"Instagram\">\r\n        <!-- Instagram SVG -->\r\n        <svg viewBox=\"0 0 24 24\">\r\n          <path d=\"M12 2.2c3.2 0 3.6 0 4.9.1 1.2.1 1.9.3 2.3.5.6.3 1 .7 1.5 1.2.5.5.9.9 1.2 1.5.2.4.4 1.1.5 2.3.1 1.3.1 1.7.1 4.9s0 3.6-.1 4.9c-.1 1.2-.3 1.9-.5 2.3-.3.6-.7 1-1.2 1.5-.5.5-.9.9-1.5 1.2-.4.2-1.1.4-2.3.5-1.3.1-1.7.1-4.9.1s-3.6 0-4.9-.1c-1.2-.1-1.9-.3-2.3-.5-.6-.3-1-.7-1.5-1.2-.5-.5-.9-.9-1.2-1.5-.2-.4-.4-1.1-.5-2.3C2.2 15.6 2.2 15.2 2.2 12s0-3.6.1-4.9c.1-1.2.3-1.9.5-2.3.3-.6.7-1 1.2-1.5.5-.5.9-.9 1.5-1.2.4-.2 1.1-.4 2.3-.5C8.4 2.2 8.8 2.2 12 2.2zm0 3.6a6.2 6.2 0 1 0 0 12.4 6.2 6.2 0 0 0 0-12.4zm0 10.2a4 4 0 1 1 0-8 4 4 0 0 1 0 8zm6.4-10.7a1.4 1.4 0 1 1-2.8 0 1.4 1.4 0 0 1 2.8 0z\"\/>\r\n        <\/svg>\r\n      <\/a>\r\n\r\n      <a href=\"https:\/\/www.youtube.com\/channel\/UCKK_7u67J5NPJatQT0WXF3Q\" target=\"_blank\" aria-label=\"YouTube\">\r\n        <!-- YouTube SVG -->\r\n        <svg viewBox=\"0 0 24 24\">\r\n          <path d=\"M23.5 6.2s-.2-1.6-.8-2.3c-.8-.9-1.7-.9-2.1-1C17.6 2.5 12 2.5 12 2.5h0s-5.6 0-8.6.4c-.4.1-1.3.1-2.1 1-.6.7-.8 2.3-.8 2.3S0 8 0 9.8v1.9c0 1.8.2 3.6.2 3.6s.2 1.6.8 2.3c.8.9 1.9.9 2.4 1 1.7.2 7.6.4 7.6.4s5.6 0 8.6-.4c.4-.1 1.3-.1 2.1-1 .6-.7.8-2.3.8-2.3s.2-1.8.2-3.6V9.8c0-1.8-.2-3.6-.2-3.6zM9.5 14.7V8.9l6.2 2.9-6.2 2.9z\"\/>\r\n        <\/svg>\r\n      <\/a>\r\n    <\/div>\r\n\r\n  <\/div>\r\n<\/footer>\r\n\r\n<style>\r\n\/* Rodap\u00e9 *\/\r\n.qdm-footer {\r\n  background-color: #032550;\r\n  color: #ffffff;\r\n  padding: 20px 10px;\r\n  font-family: Arial, sans-serif;\r\n}\r\n\r\n.qdm-footer-content {\r\n  max-width: 1200px;\r\n  margin: 0 auto;\r\n  display: flex;\r\n  flex-wrap: wrap;\r\n  justify-content: space-between;\r\n  align-items: center;\r\n  gap: 15px;\r\n}\r\n\r\n\/* Texto *\/\r\n.qdm-footer-text {\r\n  font-size: 14px;\r\n  line-height: 1.5;\r\n}\r\n\r\n.qdm-footer-verse {\r\n  font-style: italic;\r\n  opacity: 0.85;\r\n}\r\n\r\n\/* Redes sociais *\/\r\n.qdm-footer-social {\r\n  display: flex;\r\n  gap: 16px;\r\n}\r\n\r\n.qdm-footer-social a svg {\r\n  width: 24px;\r\n  height: 24px;\r\n  fill: #ffffff;\r\n  transition: transform 0.2s, opacity 0.2s;\r\n}\r\n\r\n.qdm-footer-social a:hover svg {\r\n  transform: scale(1.15);\r\n  opacity: 0.8;\r\n}\r\n\r\n\/* Responsivo *\/\r\n@media (max-width: 768px) {\r\n  .qdm-footer-content {\r\n    flex-direction: column;\r\n    text-align: center;\r\n  }\r\n}\r\n<\/style>\r\n\t\t\t\t<\/div>\n\t\t\t\t<\/div>\n\t\t\t\t\t<\/div>\n\t\t<\/div>\n\t\t\t\t\t<\/div>\n\t\t<\/section>\n\t\t\t\t<\/div>\n\t\t","protected":false},"excerpt":{"rendered":"<p>Voltar DEPARTAMENTO COMERCIAL ANUNCIE CONOSCO Alcance milh\u00f5es. Impacte o mercado. Rede QDM Televis\u00e3o multiplataforma. Spots de TV Comerciais Patroc\u00ednio de Programas Merchandising Plataformas Digitais Banners Digitais Exibi\u00e7\u00e3o de impacto internet e OTT Projetos Especiais Conte\u00fado Exclusivo Ativa\u00e7\u00f5es de Marca Eventos Corporativos AUDI\u00caNCIA EXPANSIVA Milh\u00f5es de telespectadores SEGMENTA\u00c7\u00c3O PRECISA Dados demogr\u00e1ficos CREDIBILIDADE Desde 2006 ALCANCE NACIONAL [&hellip;]<\/p>\n","protected":false},"author":1,"featured_media":0,"parent":0,"menu_order":0,"comment_status":"closed","ping_status":"closed","template":"elementor_canvas","meta":{"footnotes":""},"class_list":["post-1808","page","type-page","status-publish","hentry"],"_links":{"self":[{"href":"https:\/\/redeqdmdetelevisao.com.br\/index.php?rest_route=\/wp\/v2\/pages\/1808","targetHints":{"allow":["GET"]}}],"collection":[{"href":"https:\/\/redeqdmdetelevisao.com.br\/index.php?rest_route=\/wp\/v2\/pages"}],"about":[{"href":"https:\/\/redeqdmdetelevisao.com.br\/index.php?rest_route=\/wp\/v2\/types\/page"}],"author":[{"embeddable":true,"href":"https:\/\/redeqdmdetelevisao.com.br\/index.php?rest_route=\/wp\/v2\/users\/1"}],"replies":[{"embeddable":true,"href":"https:\/\/redeqdmdetelevisao.com.br\/index.php?rest_route=%2Fwp%2Fv2%2Fcomments&post=1808"}],"version-history":[{"count":106,"href":"https:\/\/redeqdmdetelevisao.com.br\/index.php?rest_route=\/wp\/v2\/pages\/1808\/revisions"}],"predecessor-version":[{"id":3404,"href":"https:\/\/redeqdmdetelevisao.com.br\/index.php?rest_route=\/wp\/v2\/pages\/1808\/revisions\/3404"}],"wp:attachment":[{"href":"https:\/\/redeqdmdetelevisao.com.br\/index.php?rest_route=%2Fwp%2Fv2%2Fmedia&parent=1808"}],"curies":[{"name":"wp","href":"https:\/\/api.w.org\/{rel}","templated":true}]}}