{"id":2541,"date":"2025-12-20T16:07:46","date_gmt":"2025-12-20T19:07:46","guid":{"rendered":"https:\/\/redeqdmdetelevisao.com.br\/?page_id=2541"},"modified":"2026-02-13T13:35:54","modified_gmt":"2026-02-13T16:35:54","slug":"quem-somos","status":"publish","type":"page","link":"https:\/\/redeqdmdetelevisao.com.br\/?page_id=2541","title":{"rendered":"quem somos"},"content":{"rendered":"\t\t<div data-elementor-type=\"wp-page\" data-elementor-id=\"2541\" class=\"elementor elementor-2541\">\n\t\t\t\t\t\t<section class=\"elementor-section elementor-top-section elementor-element elementor-element-00d6f87 elementor-section-boxed elementor-section-height-default elementor-section-height-default\" data-id=\"00d6f87\" data-element_type=\"section\" data-e-type=\"section\" data-settings=\"{&quot;background_background&quot;:&quot;gradient&quot;}\">\n\t\t\t\t\t\t<div class=\"elementor-container elementor-column-gap-default\">\n\t\t\t\t\t<div class=\"elementor-column elementor-col-100 elementor-top-column elementor-element elementor-element-becbdfd\" data-id=\"becbdfd\" data-element_type=\"column\" data-e-type=\"column\">\n\t\t\t<div class=\"elementor-widget-wrap elementor-element-populated\">\n\t\t\t\t\t\t<div class=\"elementor-element elementor-element-7cb7538 elementor-widget-divider--view-line elementor-widget elementor-widget-divider\" data-id=\"7cb7538\" data-element_type=\"widget\" data-e-type=\"widget\" data-widget_type=\"divider.default\">\n\t\t\t\t<div class=\"elementor-widget-container\">\n\t\t\t\t\t\t\t<div class=\"elementor-divider\">\n\t\t\t<span class=\"elementor-divider-separator\">\n\t\t\t\t\t\t<\/span>\n\t\t<\/div>\n\t\t\t\t\t\t<\/div>\n\t\t\t\t<\/div>\n\t\t\t\t\t<\/div>\n\t\t<\/div>\n\t\t\t\t\t<\/div>\n\t\t<\/section>\n\t\t\t\t<section class=\"elementor-section elementor-top-section elementor-element elementor-element-56bac84 elementor-section-boxed elementor-section-height-default elementor-section-height-default\" data-id=\"56bac84\" data-element_type=\"section\" data-e-type=\"section\" data-settings=\"{&quot;background_background&quot;:&quot;classic&quot;}\">\n\t\t\t\t\t\t<div class=\"elementor-container elementor-column-gap-default\">\n\t\t\t\t\t<div class=\"elementor-column elementor-col-100 elementor-top-column elementor-element elementor-element-10123e7\" data-id=\"10123e7\" data-element_type=\"column\" data-e-type=\"column\">\n\t\t\t<div class=\"elementor-widget-wrap elementor-element-populated\">\n\t\t\t\t\t\t<div class=\"elementor-element elementor-element-940c321 elementor-widget elementor-widget-image\" data-id=\"940c321\" data-element_type=\"widget\" data-e-type=\"widget\" data-widget_type=\"image.default\">\n\t\t\t\t<div class=\"elementor-widget-container\">\n\t\t\t\t\t\t\t\t\t\t\t\t\t\t\t<img fetchpriority=\"high\" decoding=\"async\" width=\"300\" height=\"300\" src=\"https:\/\/redeqdmdetelevisao.com.br\/wp-content\/uploads\/2023\/06\/SEM-FUNDO-300x300.png\" class=\"attachment-medium size-medium wp-image-5\" alt=\"\" srcset=\"https:\/\/redeqdmdetelevisao.com.br\/wp-content\/uploads\/2023\/06\/SEM-FUNDO-300x300.png 300w, https:\/\/redeqdmdetelevisao.com.br\/wp-content\/uploads\/2023\/06\/SEM-FUNDO-150x150.png 150w, https:\/\/redeqdmdetelevisao.com.br\/wp-content\/uploads\/2023\/06\/SEM-FUNDO-768x768.png 768w, https:\/\/redeqdmdetelevisao.com.br\/wp-content\/uploads\/2023\/06\/SEM-FUNDO.png 1000w\" sizes=\"(max-width: 300px) 100vw, 300px\" \/>\t\t\t\t\t\t\t\t\t\t\t\t\t\t\t<\/div>\n\t\t\t\t<\/div>\n\t\t\t\t\t<\/div>\n\t\t<\/div>\n\t\t\t\t\t<\/div>\n\t\t<\/section>\n\t\t\t\t<section class=\"elementor-section elementor-top-section elementor-element elementor-element-56d0000 elementor-section-boxed elementor-section-height-default elementor-section-height-default\" data-id=\"56d0000\" data-element_type=\"section\" data-e-type=\"section\" data-settings=\"{&quot;background_background&quot;:&quot;gradient&quot;}\">\n\t\t\t\t\t\t<div class=\"elementor-container elementor-column-gap-default\">\n\t\t\t\t\t<div class=\"elementor-column elementor-col-50 elementor-top-column elementor-element elementor-element-7b1d7e2\" data-id=\"7b1d7e2\" data-element_type=\"column\" data-e-type=\"column\">\n\t\t\t<div class=\"elementor-widget-wrap elementor-element-populated\">\n\t\t\t\t\t\t<div class=\"elementor-element elementor-element-0a62ac5 elementor-align-center elementor-widget elementor-widget-button\" data-id=\"0a62ac5\" data-element_type=\"widget\" data-e-type=\"widget\" data-widget_type=\"button.default\">\n\t\t\t\t<div class=\"elementor-widget-container\">\n\t\t\t\t\t\t\t\t\t<div class=\"elementor-button-wrapper\">\n\t\t\t\t\t<a class=\"elementor-button elementor-button-link elementor-size-sm elementor-animation-pulse\" href=\"https:\/\/redeqdmdetelevisao.com.br\/\">\n\t\t\t\t\t\t<span class=\"elementor-button-content-wrapper\">\n\t\t\t\t\t\t\t\t\t<span class=\"elementor-button-text\">Voltar<\/span>\n\t\t\t\t\t<\/span>\n\t\t\t\t\t<\/a>\n\t\t\t\t<\/div>\n\t\t\t\t\t\t\t\t<\/div>\n\t\t\t\t<\/div>\n\t\t\t\t<div class=\"elementor-element elementor-element-1e7376c elementor-widget elementor-widget-heading\" data-id=\"1e7376c\" data-element_type=\"widget\" data-e-type=\"widget\" data-widget_type=\"heading.default\">\n\t\t\t\t<div class=\"elementor-widget-container\">\n\t\t\t\t\t<h4 class=\"elementor-heading-title elementor-size-default\">Quem Somos <\/h4>\t\t\t\t<\/div>\n\t\t\t\t<\/div>\n\t\t\t\t<div class=\"elementor-element elementor-element-77fd26e elementor-widget elementor-widget-text-editor\" data-id=\"77fd26e\" data-element_type=\"widget\" data-e-type=\"widget\" data-widget_type=\"text-editor.default\">\n\t\t\t\t<div class=\"elementor-widget-container\">\n\t\t\t\t\t\t\t\t\t<p data-start=\"169\" data-end=\"401\"><span style=\"color: #ffffff;\">A <strong data-start=\"171\" data-end=\"196\">Rede QDM de Televis\u00e3o<\/strong> \u00e9 um premiado canal de TV multiplataforma que atua na produ\u00e7\u00e3o e distribui\u00e7\u00e3o de conte\u00fado jornal\u00edstico, cultural e de entretenimento, com foco em informa\u00e7\u00e3o de interesse p\u00fablico, relev\u00e2ncia social e qualidade editorial.<\/span><\/p><p data-start=\"403\" data-end=\"671\"><span style=\"color: #ffffff;\">Integrante do <strong data-start=\"417\" data-end=\"453\">Grupo Atitudenew de Comunica\u00e7\u00f5es<\/strong>, a Rede QDM est\u00e1 presente em operadoras regionais de TV, provedores, plataformas FAST TV, streaming e ambientes digitais, ampliando o acesso \u00e0 informa\u00e7\u00e3o e conectando marcas, institui\u00e7\u00f5es e p\u00fablico em diferentes formatos e telas.<\/span><\/p><p data-start=\"673\" data-end=\"886\"><span style=\"color: #ffffff;\">Reconhecida pelo p\u00fablico e pelo setor de comunica\u00e7\u00e3o, a Rede QDM investe em inova\u00e7\u00e3o, credibilidade e tecnologia, consolidando-se como um ve\u00edculo moderno, independente e comprometido com a comunica\u00e7\u00e3o respons\u00e1vel.<\/span><\/p>\t\t\t\t\t\t\t\t<\/div>\n\t\t\t\t<\/div>\n\t\t\t\t\t<\/div>\n\t\t<\/div>\n\t\t\t\t<div class=\"elementor-column elementor-col-50 elementor-top-column elementor-element elementor-element-2c1313f\" data-id=\"2c1313f\" data-element_type=\"column\" data-e-type=\"column\">\n\t\t\t<div class=\"elementor-widget-wrap elementor-element-populated\">\n\t\t\t\t\t\t<div class=\"elementor-element elementor-element-599412f elementor-widget elementor-widget-html\" data-id=\"599412f\" data-element_type=\"widget\" data-e-type=\"widget\" data-widget_type=\"html.default\">\n\t\t\t\t<div class=\"elementor-widget-container\">\n\t\t\t\t\t<iframe id=\"panda-9f1c16c3-e6ff-4f40-80e5-9f3f71990348\" src=\"https:\/\/player-vz-ee6fa1c8-def.tv.pandavideo.com.br\/embed\/?v=9f1c16c3-e6ff-4f40-80e5-9f3f71990348\" style=\"border:none;\" allow=\"accelerometer;gyroscope;autoplay;encrypted-media;picture-in-picture\" allowfullscreen=true width=\"720\" height=\"360\" fetchpriority=\"high\"><\/iframe>\t\t\t\t<\/div>\n\t\t\t\t<\/div>\n\t\t\t\t<div class=\"elementor-element elementor-element-b6cb19d elementor-widget elementor-widget-image\" data-id=\"b6cb19d\" data-element_type=\"widget\" data-e-type=\"widget\" data-widget_type=\"image.default\">\n\t\t\t\t<div class=\"elementor-widget-container\">\n\t\t\t\t\t\t\t\t\t\t\t\t\t\t\t<img decoding=\"async\" width=\"800\" height=\"450\" src=\"https:\/\/redeqdmdetelevisao.com.br\/wp-content\/uploads\/2024\/07\/360147736_672667314878739_8938621178254544353_n-1024x576.jpg\" class=\"attachment-large size-large wp-image-1633\" alt=\"\" srcset=\"https:\/\/redeqdmdetelevisao.com.br\/wp-content\/uploads\/2024\/07\/360147736_672667314878739_8938621178254544353_n-1024x576.jpg 1024w, https:\/\/redeqdmdetelevisao.com.br\/wp-content\/uploads\/2024\/07\/360147736_672667314878739_8938621178254544353_n-300x169.jpg 300w, https:\/\/redeqdmdetelevisao.com.br\/wp-content\/uploads\/2024\/07\/360147736_672667314878739_8938621178254544353_n-768x432.jpg 768w, https:\/\/redeqdmdetelevisao.com.br\/wp-content\/uploads\/2024\/07\/360147736_672667314878739_8938621178254544353_n-1536x864.jpg 1536w, https:\/\/redeqdmdetelevisao.com.br\/wp-content\/uploads\/2024\/07\/360147736_672667314878739_8938621178254544353_n.jpg 1600w\" sizes=\"(max-width: 800px) 100vw, 800px\" \/>\t\t\t\t\t\t\t\t\t\t\t\t\t\t\t<\/div>\n\t\t\t\t<\/div>\n\t\t\t\t\t<\/div>\n\t\t<\/div>\n\t\t\t\t\t<\/div>\n\t\t<\/section>\n\t\t\t\t<section class=\"elementor-section elementor-top-section elementor-element elementor-element-5862242 elementor-section-boxed elementor-section-height-default elementor-section-height-default\" data-id=\"5862242\" data-element_type=\"section\" data-e-type=\"section\" data-settings=\"{&quot;background_background&quot;:&quot;classic&quot;}\">\n\t\t\t\t\t\t<div class=\"elementor-container elementor-column-gap-default\">\n\t\t\t\t\t<div class=\"elementor-column elementor-col-100 elementor-top-column elementor-element elementor-element-cfbfd4c\" data-id=\"cfbfd4c\" data-element_type=\"column\" data-e-type=\"column\">\n\t\t\t<div class=\"elementor-widget-wrap elementor-element-populated\">\n\t\t\t\t\t\t<div class=\"elementor-element elementor-element-ed4ae3f elementor-widget-divider--view-line elementor-widget elementor-widget-divider\" data-id=\"ed4ae3f\" data-element_type=\"widget\" data-e-type=\"widget\" data-widget_type=\"divider.default\">\n\t\t\t\t<div class=\"elementor-widget-container\">\n\t\t\t\t\t\t\t<div class=\"elementor-divider\">\n\t\t\t<span class=\"elementor-divider-separator\">\n\t\t\t\t\t\t<\/span>\n\t\t<\/div>\n\t\t\t\t\t\t<\/div>\n\t\t\t\t<\/div>\n\t\t\t\t\t<\/div>\n\t\t<\/div>\n\t\t\t\t\t<\/div>\n\t\t<\/section>\n\t\t\t\t<section class=\"elementor-section elementor-top-section elementor-element elementor-element-788f62f elementor-section-boxed elementor-section-height-default elementor-section-height-default\" data-id=\"788f62f\" data-element_type=\"section\" data-e-type=\"section\" data-settings=\"{&quot;background_background&quot;:&quot;classic&quot;}\">\n\t\t\t\t\t\t<div class=\"elementor-container elementor-column-gap-default\">\n\t\t\t\t\t<div class=\"elementor-column elementor-col-25 elementor-top-column elementor-element elementor-element-bf2ff01\" data-id=\"bf2ff01\" data-element_type=\"column\" data-e-type=\"column\">\n\t\t\t<div class=\"elementor-widget-wrap elementor-element-populated\">\n\t\t\t\t\t\t<div class=\"elementor-element elementor-element-7024715 elementor-widget elementor-widget-image\" data-id=\"7024715\" data-element_type=\"widget\" data-e-type=\"widget\" data-widget_type=\"image.default\">\n\t\t\t\t<div class=\"elementor-widget-container\">\n\t\t\t\t\t\t\t\t\t\t\t\t<figure class=\"wp-caption\">\n\t\t\t\t\t\t\t\t\t\t<img decoding=\"async\" width=\"800\" height=\"450\" src=\"https:\/\/redeqdmdetelevisao.com.br\/wp-content\/uploads\/2024\/07\/360147736_672667314878739_8938621178254544353_n-1024x576.jpg\" class=\"attachment-large size-large wp-image-1633\" alt=\"\" srcset=\"https:\/\/redeqdmdetelevisao.com.br\/wp-content\/uploads\/2024\/07\/360147736_672667314878739_8938621178254544353_n-1024x576.jpg 1024w, https:\/\/redeqdmdetelevisao.com.br\/wp-content\/uploads\/2024\/07\/360147736_672667314878739_8938621178254544353_n-300x169.jpg 300w, https:\/\/redeqdmdetelevisao.com.br\/wp-content\/uploads\/2024\/07\/360147736_672667314878739_8938621178254544353_n-768x432.jpg 768w, https:\/\/redeqdmdetelevisao.com.br\/wp-content\/uploads\/2024\/07\/360147736_672667314878739_8938621178254544353_n-1536x864.jpg 1536w, https:\/\/redeqdmdetelevisao.com.br\/wp-content\/uploads\/2024\/07\/360147736_672667314878739_8938621178254544353_n.jpg 1600w\" sizes=\"(max-width: 800px) 100vw, 800px\" \/>\t\t\t\t\t\t\t\t\t\t\t<figcaption class=\"widget-image-caption wp-caption-text\">Estrutura de transmiss\u00e3o<\/figcaption>\n\t\t\t\t\t\t\t\t\t\t<\/figure>\n\t\t\t\t\t\t\t\t\t<\/div>\n\t\t\t\t<\/div>\n\t\t\t\t\t<\/div>\n\t\t<\/div>\n\t\t\t\t<div class=\"elementor-column elementor-col-25 elementor-top-column elementor-element elementor-element-872a2b2\" data-id=\"872a2b2\" data-element_type=\"column\" data-e-type=\"column\">\n\t\t\t<div class=\"elementor-widget-wrap elementor-element-populated\">\n\t\t\t\t\t\t<div class=\"elementor-element elementor-element-7679bf6 elementor-widget__width-initial elementor-widget elementor-widget-image\" data-id=\"7679bf6\" data-element_type=\"widget\" data-e-type=\"widget\" data-widget_type=\"image.default\">\n\t\t\t\t<div class=\"elementor-widget-container\">\n\t\t\t\t\t\t\t\t\t\t\t\t<figure class=\"wp-caption\">\n\t\t\t\t\t\t\t\t\t\t<img decoding=\"async\" width=\"800\" height=\"530\" src=\"https:\/\/redeqdmdetelevisao.com.br\/wp-content\/uploads\/2023\/10\/WhatsApp-Image-2023-10-25-at-21.50.11-1024x678.jpeg\" class=\"attachment-large size-large wp-image-893\" alt=\"\" srcset=\"https:\/\/redeqdmdetelevisao.com.br\/wp-content\/uploads\/2023\/10\/WhatsApp-Image-2023-10-25-at-21.50.11-1024x678.jpeg 1024w, https:\/\/redeqdmdetelevisao.com.br\/wp-content\/uploads\/2023\/10\/WhatsApp-Image-2023-10-25-at-21.50.11-300x199.jpeg 300w, https:\/\/redeqdmdetelevisao.com.br\/wp-content\/uploads\/2023\/10\/WhatsApp-Image-2023-10-25-at-21.50.11-768x508.jpeg 768w, https:\/\/redeqdmdetelevisao.com.br\/wp-content\/uploads\/2023\/10\/WhatsApp-Image-2023-10-25-at-21.50.11-1536x1017.jpeg 1536w, https:\/\/redeqdmdetelevisao.com.br\/wp-content\/uploads\/2023\/10\/WhatsApp-Image-2023-10-25-at-21.50.11.jpeg 1600w\" sizes=\"(max-width: 800px) 100vw, 800px\" \/>\t\t\t\t\t\t\t\t\t\t\t<figcaption class=\"widget-image-caption wp-caption-text\">Identidade visual<\/figcaption>\n\t\t\t\t\t\t\t\t\t\t<\/figure>\n\t\t\t\t\t\t\t\t\t<\/div>\n\t\t\t\t<\/div>\n\t\t\t\t\t<\/div>\n\t\t<\/div>\n\t\t\t\t<div class=\"elementor-column elementor-col-25 elementor-top-column elementor-element elementor-element-849df4d\" data-id=\"849df4d\" data-element_type=\"column\" data-e-type=\"column\">\n\t\t\t<div class=\"elementor-widget-wrap elementor-element-populated\">\n\t\t\t\t\t\t<div class=\"elementor-element elementor-element-b75904b elementor-widget elementor-widget-image\" data-id=\"b75904b\" data-element_type=\"widget\" data-e-type=\"widget\" data-widget_type=\"image.default\">\n\t\t\t\t<div class=\"elementor-widget-container\">\n\t\t\t\t\t\t\t\t\t\t\t\t<figure class=\"wp-caption\">\n\t\t\t\t\t\t\t\t\t\t<img loading=\"lazy\" decoding=\"async\" width=\"800\" height=\"451\" src=\"https:\/\/redeqdmdetelevisao.com.br\/wp-content\/uploads\/2023\/08\/365302263_687058463439624_4550399336841883846_n-1024x577.jpg\" class=\"attachment-large size-large wp-image-522\" alt=\"\" srcset=\"https:\/\/redeqdmdetelevisao.com.br\/wp-content\/uploads\/2023\/08\/365302263_687058463439624_4550399336841883846_n-1024x577.jpg 1024w, https:\/\/redeqdmdetelevisao.com.br\/wp-content\/uploads\/2023\/08\/365302263_687058463439624_4550399336841883846_n-300x169.jpg 300w, https:\/\/redeqdmdetelevisao.com.br\/wp-content\/uploads\/2023\/08\/365302263_687058463439624_4550399336841883846_n-768x432.jpg 768w, https:\/\/redeqdmdetelevisao.com.br\/wp-content\/uploads\/2023\/08\/365302263_687058463439624_4550399336841883846_n-1536x865.jpg 1536w, https:\/\/redeqdmdetelevisao.com.br\/wp-content\/uploads\/2023\/08\/365302263_687058463439624_4550399336841883846_n.jpg 1600w\" sizes=\"(max-width: 800px) 100vw, 800px\" \/>\t\t\t\t\t\t\t\t\t\t\t<figcaption class=\"widget-image-caption wp-caption-text\">Estudios<\/figcaption>\n\t\t\t\t\t\t\t\t\t\t<\/figure>\n\t\t\t\t\t\t\t\t\t<\/div>\n\t\t\t\t<\/div>\n\t\t\t\t\t<\/div>\n\t\t<\/div>\n\t\t\t\t<div class=\"elementor-column elementor-col-25 elementor-top-column elementor-element elementor-element-a3b8c2b\" data-id=\"a3b8c2b\" data-element_type=\"column\" data-e-type=\"column\">\n\t\t\t<div class=\"elementor-widget-wrap elementor-element-populated\">\n\t\t\t\t\t\t<div class=\"elementor-element elementor-element-e4108e8 elementor-widget elementor-widget-image\" data-id=\"e4108e8\" data-element_type=\"widget\" data-e-type=\"widget\" data-widget_type=\"image.default\">\n\t\t\t\t<div class=\"elementor-widget-container\">\n\t\t\t\t\t\t\t\t\t\t\t\t<figure class=\"wp-caption\">\n\t\t\t\t\t\t\t\t\t\t<img loading=\"lazy\" decoding=\"async\" width=\"800\" height=\"450\" src=\"https:\/\/redeqdmdetelevisao.com.br\/wp-content\/uploads\/2025\/12\/WhatsApp-Image-2025-12-20-at-13.55.49-1024x576.jpeg\" class=\"attachment-large size-large wp-image-2552\" alt=\"\" srcset=\"https:\/\/redeqdmdetelevisao.com.br\/wp-content\/uploads\/2025\/12\/WhatsApp-Image-2025-12-20-at-13.55.49-1024x576.jpeg 1024w, https:\/\/redeqdmdetelevisao.com.br\/wp-content\/uploads\/2025\/12\/WhatsApp-Image-2025-12-20-at-13.55.49-300x169.jpeg 300w, https:\/\/redeqdmdetelevisao.com.br\/wp-content\/uploads\/2025\/12\/WhatsApp-Image-2025-12-20-at-13.55.49-768x432.jpeg 768w, https:\/\/redeqdmdetelevisao.com.br\/wp-content\/uploads\/2025\/12\/WhatsApp-Image-2025-12-20-at-13.55.49-1536x864.jpeg 1536w, https:\/\/redeqdmdetelevisao.com.br\/wp-content\/uploads\/2025\/12\/WhatsApp-Image-2025-12-20-at-13.55.49.jpeg 1600w\" sizes=\"(max-width: 800px) 100vw, 800px\" \/>\t\t\t\t\t\t\t\t\t\t\t<figcaption class=\"widget-image-caption wp-caption-text\">Pr\u00eamios<\/figcaption>\n\t\t\t\t\t\t\t\t\t\t<\/figure>\n\t\t\t\t\t\t\t\t\t<\/div>\n\t\t\t\t<\/div>\n\t\t\t\t\t<\/div>\n\t\t<\/div>\n\t\t\t\t\t<\/div>\n\t\t<\/section>\n\t\t\t\t<section class=\"elementor-section elementor-top-section elementor-element elementor-element-75a3c4c elementor-section-boxed elementor-section-height-default elementor-section-height-default\" data-id=\"75a3c4c\" data-element_type=\"section\" data-e-type=\"section\" data-settings=\"{&quot;background_background&quot;:&quot;classic&quot;}\">\n\t\t\t\t\t\t<div class=\"elementor-container elementor-column-gap-default\">\n\t\t\t\t\t<div class=\"elementor-column elementor-col-100 elementor-top-column elementor-element elementor-element-a30a1f3\" data-id=\"a30a1f3\" data-element_type=\"column\" data-e-type=\"column\">\n\t\t\t<div class=\"elementor-widget-wrap elementor-element-populated\">\n\t\t\t\t\t\t<div class=\"elementor-element elementor-element-d07e800 elementor-widget-divider--view-line elementor-widget elementor-widget-divider\" data-id=\"d07e800\" data-element_type=\"widget\" data-e-type=\"widget\" data-widget_type=\"divider.default\">\n\t\t\t\t<div class=\"elementor-widget-container\">\n\t\t\t\t\t\t\t<div class=\"elementor-divider\">\n\t\t\t<span class=\"elementor-divider-separator\">\n\t\t\t\t\t\t<\/span>\n\t\t<\/div>\n\t\t\t\t\t\t<\/div>\n\t\t\t\t<\/div>\n\t\t\t\t\t<\/div>\n\t\t<\/div>\n\t\t\t\t\t<\/div>\n\t\t<\/section>\n\t\t\t\t<section class=\"elementor-section elementor-top-section elementor-element elementor-element-28b2afc elementor-section-boxed elementor-section-height-default elementor-section-height-default\" data-id=\"28b2afc\" data-element_type=\"section\" data-e-type=\"section\" data-settings=\"{&quot;background_background&quot;:&quot;gradient&quot;}\">\n\t\t\t\t\t\t<div class=\"elementor-container elementor-column-gap-default\">\n\t\t\t\t\t<div class=\"elementor-column elementor-col-100 elementor-top-column elementor-element elementor-element-2518b72\" data-id=\"2518b72\" data-element_type=\"column\" data-e-type=\"column\">\n\t\t\t<div class=\"elementor-widget-wrap elementor-element-populated\">\n\t\t\t\t\t\t<div class=\"elementor-element elementor-element-e1a989d elementor-widget-divider--view-line elementor-widget elementor-widget-divider\" data-id=\"e1a989d\" data-element_type=\"widget\" data-e-type=\"widget\" data-widget_type=\"divider.default\">\n\t\t\t\t<div class=\"elementor-widget-container\">\n\t\t\t\t\t\t\t<div class=\"elementor-divider\">\n\t\t\t<span class=\"elementor-divider-separator\">\n\t\t\t\t\t\t<\/span>\n\t\t<\/div>\n\t\t\t\t\t\t<\/div>\n\t\t\t\t<\/div>\n\t\t\t\t\t<\/div>\n\t\t<\/div>\n\t\t\t\t\t<\/div>\n\t\t<\/section>\n\t\t\t\t<section class=\"elementor-section elementor-top-section elementor-element elementor-element-330ee5e elementor-section-boxed elementor-section-height-default elementor-section-height-default\" data-id=\"330ee5e\" data-element_type=\"section\" data-e-type=\"section\" data-settings=\"{&quot;background_background&quot;:&quot;classic&quot;}\">\n\t\t\t\t\t\t<div class=\"elementor-container elementor-column-gap-default\">\n\t\t\t\t\t<div class=\"elementor-column elementor-col-100 elementor-top-column elementor-element elementor-element-7038ad4\" data-id=\"7038ad4\" data-element_type=\"column\" data-e-type=\"column\">\n\t\t\t<div class=\"elementor-widget-wrap elementor-element-populated\">\n\t\t\t\t\t\t<div class=\"elementor-element elementor-element-3d7ffe9 elementor-widget elementor-widget-text-editor\" data-id=\"3d7ffe9\" data-element_type=\"widget\" data-e-type=\"widget\" data-widget_type=\"text-editor.default\">\n\t\t\t\t<div class=\"elementor-widget-container\">\n\t\t\t\t\t\t\t\t\t<p><span style=\"color: #ffffff;\">Rede QDM de Televis\u00e3o todos os direitos reservados &#8211; uma empresa do Grupo Atitudenew &#8216;O Senhor \u00e9 a Nossa Bandeira&#8217;<\/span><\/p>\t\t\t\t\t\t\t\t<\/div>\n\t\t\t\t<\/div>\n\t\t\t\t\t<\/div>\n\t\t<\/div>\n\t\t\t\t\t<\/div>\n\t\t<\/section>\n\t\t\t\t<\/div>\n\t\t","protected":false},"excerpt":{"rendered":"<p>Voltar Quem Somos A Rede QDM de Televis\u00e3o \u00e9 um premiado canal de TV multiplataforma que atua na produ\u00e7\u00e3o e distribui\u00e7\u00e3o de conte\u00fado jornal\u00edstico, cultural e de entretenimento, com foco em informa\u00e7\u00e3o de interesse p\u00fablico, relev\u00e2ncia social e qualidade editorial. Integrante do Grupo Atitudenew de Comunica\u00e7\u00f5es, a Rede QDM est\u00e1 presente em operadoras regionais de [&hellip;]<\/p>\n","protected":false},"author":1,"featured_media":0,"parent":0,"menu_order":0,"comment_status":"closed","ping_status":"closed","template":"elementor_canvas","meta":{"footnotes":""},"class_list":["post-2541","page","type-page","status-publish","hentry"],"_links":{"self":[{"href":"https:\/\/redeqdmdetelevisao.com.br\/index.php?rest_route=\/wp\/v2\/pages\/2541","targetHints":{"allow":["GET"]}}],"collection":[{"href":"https:\/\/redeqdmdetelevisao.com.br\/index.php?rest_route=\/wp\/v2\/pages"}],"about":[{"href":"https:\/\/redeqdmdetelevisao.com.br\/index.php?rest_route=\/wp\/v2\/types\/page"}],"author":[{"embeddable":true,"href":"https:\/\/redeqdmdetelevisao.com.br\/index.php?rest_route=\/wp\/v2\/users\/1"}],"replies":[{"embeddable":true,"href":"https:\/\/redeqdmdetelevisao.com.br\/index.php?rest_route=%2Fwp%2Fv2%2Fcomments&post=2541"}],"version-history":[{"count":28,"href":"https:\/\/redeqdmdetelevisao.com.br\/index.php?rest_route=\/wp\/v2\/pages\/2541\/revisions"}],"predecessor-version":[{"id":3347,"href":"https:\/\/redeqdmdetelevisao.com.br\/index.php?rest_route=\/wp\/v2\/pages\/2541\/revisions\/3347"}],"wp:attachment":[{"href":"https:\/\/redeqdmdetelevisao.com.br\/index.php?rest_route=%2Fwp%2Fv2%2Fmedia&parent=2541"}],"curies":[{"name":"wp","href":"https:\/\/api.w.org\/{rel}","templated":true}]}}