{"id":2866,"date":"2026-01-31T13:35:22","date_gmt":"2026-01-31T16:35:22","guid":{"rendered":"https:\/\/redeqdmdetelevisao.com.br\/?page_id=2866"},"modified":"2026-02-13T19:50:02","modified_gmt":"2026-02-13T22:50:02","slug":"programas","status":"publish","type":"page","link":"https:\/\/redeqdmdetelevisao.com.br\/?page_id=2866","title":{"rendered":"programas"},"content":{"rendered":"\t\t<div data-elementor-type=\"wp-page\" data-elementor-id=\"2866\" class=\"elementor elementor-2866\">\n\t\t\t\t\t\t<section class=\"elementor-section elementor-top-section elementor-element elementor-element-ff8ddd9 elementor-section-boxed elementor-section-height-default elementor-section-height-default\" data-id=\"ff8ddd9\" data-element_type=\"section\" data-e-type=\"section\">\n\t\t\t\t\t\t<div class=\"elementor-container elementor-column-gap-default\">\n\t\t\t\t\t<div class=\"elementor-column elementor-col-100 elementor-top-column elementor-element elementor-element-1534f28\" data-id=\"1534f28\" data-element_type=\"column\" data-e-type=\"column\">\n\t\t\t<div class=\"elementor-widget-wrap elementor-element-populated\">\n\t\t\t\t\t\t<div class=\"elementor-element elementor-element-3d531b0 elementor-widget elementor-widget-image\" data-id=\"3d531b0\" data-element_type=\"widget\" data-e-type=\"widget\" data-widget_type=\"image.default\">\n\t\t\t\t<div class=\"elementor-widget-container\">\n\t\t\t\t\t\t\t\t\t\t\t\t\t\t\t<img fetchpriority=\"high\" decoding=\"async\" width=\"300\" height=\"300\" src=\"https:\/\/redeqdmdetelevisao.com.br\/wp-content\/uploads\/2023\/06\/SEM-FUNDO-300x300.png\" class=\"attachment-medium size-medium wp-image-5\" alt=\"\" srcset=\"https:\/\/redeqdmdetelevisao.com.br\/wp-content\/uploads\/2023\/06\/SEM-FUNDO-300x300.png 300w, https:\/\/redeqdmdetelevisao.com.br\/wp-content\/uploads\/2023\/06\/SEM-FUNDO-150x150.png 150w, https:\/\/redeqdmdetelevisao.com.br\/wp-content\/uploads\/2023\/06\/SEM-FUNDO-768x768.png 768w, https:\/\/redeqdmdetelevisao.com.br\/wp-content\/uploads\/2023\/06\/SEM-FUNDO.png 1000w\" sizes=\"(max-width: 300px) 100vw, 300px\" \/>\t\t\t\t\t\t\t\t\t\t\t\t\t\t\t<\/div>\n\t\t\t\t<\/div>\n\t\t\t\t\t<\/div>\n\t\t<\/div>\n\t\t\t\t\t<\/div>\n\t\t<\/section>\n\t\t\t\t<section class=\"elementor-section elementor-top-section elementor-element elementor-element-12bbbad elementor-section-boxed elementor-section-height-default elementor-section-height-default\" data-id=\"12bbbad\" data-element_type=\"section\" data-e-type=\"section\">\n\t\t\t\t\t\t<div class=\"elementor-container elementor-column-gap-default\">\n\t\t\t\t\t<div class=\"elementor-column elementor-col-100 elementor-top-column elementor-element elementor-element-7de88ec\" data-id=\"7de88ec\" data-element_type=\"column\" data-e-type=\"column\">\n\t\t\t<div class=\"elementor-widget-wrap elementor-element-populated\">\n\t\t\t\t\t\t<div class=\"elementor-element elementor-element-c63929b elementor-align-center elementor-widget elementor-widget-button\" data-id=\"c63929b\" data-element_type=\"widget\" data-e-type=\"widget\" data-widget_type=\"button.default\">\n\t\t\t\t<div class=\"elementor-widget-container\">\n\t\t\t\t\t\t\t\t\t<div class=\"elementor-button-wrapper\">\n\t\t\t\t\t<a class=\"elementor-button elementor-button-link elementor-size-sm\" href=\"https:\/\/redeqdmdetelevisao.com.br\/\">\n\t\t\t\t\t\t<span class=\"elementor-button-content-wrapper\">\n\t\t\t\t\t\t\t\t\t<span class=\"elementor-button-text\">Voltar<\/span>\n\t\t\t\t\t<\/span>\n\t\t\t\t\t<\/a>\n\t\t\t\t<\/div>\n\t\t\t\t\t\t\t\t<\/div>\n\t\t\t\t<\/div>\n\t\t\t\t<div class=\"elementor-element elementor-element-7c4f968 elementor-widget elementor-widget-html\" data-id=\"7c4f968\" data-element_type=\"widget\" data-e-type=\"widget\" data-widget_type=\"html.default\">\n\t\t\t\t<div class=\"elementor-widget-container\">\n\t\t\t\t\t<!DOCTYPE html>\r\n<html lang=\"pt-BR\">\r\n<head>\r\n<meta charset=\"UTF-8\">\r\n<meta name=\"viewport\" content=\"width=device-width, initial-scale=1.0\">\r\n<title>Programas da Emissora<\/title>\r\n\r\n<style>\r\nbody {\r\n    margin: 0;\r\n    font-family: Arial, Helvetica, sans-serif;\r\n    background: #0b0f1a;\r\n    color: #fff;\r\n}\r\n\r\n\/* T\u00cdTULO *\/\r\n.page-title {\r\n    text-align: center;\r\n    padding: 40px 20px 20px;\r\n    font-size: 32px;\r\n    font-weight: bold;\r\n    color: #00c8ff;\r\n}\r\n\r\n\/* GRID PROGRAMAS *\/\r\n.programas-grid {\r\n    display: grid;\r\n    grid-template-columns: repeat(auto-fill, minmax(250px, 1fr));\r\n    gap: 25px;\r\n    max-width: 1300px;\r\n    margin: auto;\r\n    padding: 20px;\r\n}\r\n\r\n\/* CARD *\/\r\n.program-card {\r\n    background: #12182b;\r\n    border-radius: 15px;\r\n    overflow: hidden;\r\n    box-shadow: 0 10px 25px rgba(0,0,0,0.5);\r\n    transition: 0.3s;\r\n}\r\n\r\n.program-card:hover {\r\n    transform: translateY(-8px);\r\n    box-shadow: 0 15px 35px rgba(0,200,255,0.4);\r\n}\r\n\r\n\/* IMAGEM *\/\r\n.program-card img {\r\n    width: 100%;\r\n    height: 180px;\r\n    object-fit: cover;\r\n}\r\n\r\n\/* TEXTO *\/\r\n.program-info {\r\n    padding: 15px;\r\n}\r\n\r\n.program-title {\r\n    font-size: 18px;\r\n    font-weight: bold;\r\n    color: #00c8ff;\r\n}\r\n\r\n.program-host {\r\n    font-size: 14px;\r\n    color: #ccc;\r\n    margin-top: 5px;\r\n}\r\n\r\n\/* BOT\u00c3O *\/\r\n.program-btn {\r\n    display: block;\r\n    text-align: center;\r\n    margin-top: 12px;\r\n    padding: 10px;\r\n    background: linear-gradient(135deg, #00c8ff, #0066ff);\r\n    color: #fff;\r\n    text-decoration: none;\r\n    border-radius: 8px;\r\n    font-size: 14px;\r\n    font-weight: bold;\r\n}\r\n\r\n.program-btn:hover {\r\n    background: linear-gradient(135deg, #0066ff, #00c8ff);\r\n}\r\n\r\n\/* MOBILE *\/\r\n@media (max-width: 600px) {\r\n    .page-title {\r\n        font-size: 24px;\r\n    }\r\n}\r\n<\/style>\r\n<\/head>\r\n\r\n<body>\r\n\r\n<div class=\"page-title\">\ud83d\udcfa Programas da Rede QDM de Televis\u00e3o<\/div>\r\n\r\n<div class=\"programas-grid\">\r\n\r\n    <!-- PONTO DE VISTA -->\r\n    <div class=\"program-card\">\r\n        <img decoding=\"async\" src=\"https:\/\/redeqdmdetelevisao.com.br\/wp-content\/uploads\/2026\/02\/fyfj.png\">\r\n        <div class=\"program-info\">\r\n            <div class=\"program-title\">Ponto de Vista<\/div>\r\n            <div class=\"program-host\">Com Rodrigo Franco<\/div>\r\n            <a href=\"#\" class=\"program-btn\">Ver Programa<\/a>\r\n        <\/div>\r\n    <\/div>\r\n\r\n    <!-- VEM PESCAR -->\r\n    <div class=\"program-card\">\r\n        <img decoding=\"async\" src=\"https:\/\/redeqdmdetelevisao.com.br\/wp-content\/uploads\/2026\/02\/ChatGPT-Image-13-de-fev.-de-2026-10_05_23.png\">\r\n        <div class=\"program-info\">\r\n            <div class=\"program-title\">Vem Pescar<\/div>\r\n            <div class=\"program-host\">Com Jander Moro<\/div>\r\n            <a href=\"#\" class=\"program-btn\">Ver Programa<\/a>\r\n        <\/div>\r\n    <\/div>\r\n\r\n    <!-- PALAVRA DE HONRA -->\r\n    <div class=\"program-card\">\r\n        <img decoding=\"async\" src=\"https:\/\/redeqdmdetelevisao.com.br\/wp-content\/uploads\/2026\/02\/pala.png\">\r\n        <div class=\"program-info\">\r\n            <div class=\"program-title\">Palavra de Honra<\/div>\r\n            <div class=\"program-host\">Com J. Tannus<\/div>\r\n            <a href=\"#\" class=\"program-btn\">Ver Programa<\/a>\r\n        <\/div>\r\n    <\/div>\r\n\r\n    <!-- TELECATH LUTA LIVRE -->\r\n    <div class=\"program-card\">\r\n        <img decoding=\"async\" src=\"https:\/\/redeqdmdetelevisao.com.br\/wp-content\/uploads\/2026\/02\/bwf-mbile.png\">\r\n        <div class=\"program-info\">\r\n            <div class=\"program-title\">Telecath Luta Livre<\/div>\r\n            <div class=\"program-host\">BWA Wrestling<\/div>\r\n            <a href=\"#\" class=\"program-btn\">Ver Programa<\/a>\r\n        <\/div>\r\n    <\/div>\r\n\r\n    <!-- \u00c9 SHOW -->\r\n    <div class=\"program-card\">\r\n        <img decoding=\"async\" src=\"https:\/\/redeqdmdetelevisao.com.br\/wp-content\/uploads\/2026\/02\/cuiabano-mobile.png\">\r\n        <div class=\"program-info\">\r\n            <div class=\"program-title\">\u00c9 Show<\/div>\r\n            <div class=\"program-host\">Com Cuiabano Lima<\/div>\r\n            <a href=\"#\" class=\"program-btn\">Ver Programa<\/a>\r\n        <\/div>\r\n    <\/div>\r\n\r\n    <!-- DEVO\u00c7\u00c3O SERTANEJA -->\r\n    <div class=\"program-card\">\r\n        <img decoding=\"async\" src=\"https:\/\/redeqdmdetelevisao.com.br\/wp-content\/uploads\/2026\/02\/sertanejo-mobile.png\">\r\n        <div class=\"program-info\">\r\n            <div class=\"program-title\">Devo\u00e7\u00e3o Sertaneja<\/div>\r\n            <div class=\"program-host\">Com Clevis Serafin<\/div>\r\n            <a href=\"#\" class=\"program-btn\">Ver Programa<\/a>\r\n        <\/div>\r\n    <\/div>\r\n\r\n    <!-- CAMINHOS DO BRASIL -->\r\n    <div class=\"program-card\">\r\n        <img decoding=\"async\" src=\"https:\/\/redeqdmdetelevisao.com.br\/wp-content\/uploads\/2026\/02\/pesca-mobile.png\">\r\n        <div class=\"program-info\">\r\n            <div class=\"program-title\">Caminhos do Brasil<\/div>\r\n            <div class=\"program-host\">Com Fausto Eduardo<\/div>\r\n            <a href=\"#\" class=\"program-btn\">Ver Programa<\/a>\r\n        <\/div>\r\n    <\/div>\r\n\r\n    <!-- OS 3 PATETAS EM CORES -->\r\n    <div class=\"program-card\">\r\n        <img decoding=\"async\" src=\"https:\/\/redeqdmdetelevisao.com.br\/wp-content\/uploads\/2026\/02\/pateta-mobile.png\">\r\n        <div class=\"program-info\">\r\n            <div class=\"program-title\">Os 3 Patetas em Cores<\/div>\r\n            <div class=\"program-host\">Cl\u00e1ssicos Restaurados<\/div>\r\n            <a href=\"#\" class=\"program-btn\">Ver Programa<\/a>\r\n        <\/div>\r\n    <\/div>\r\n\r\n    <!-- LA\u00c7OS DA TERRA -->\r\n    <div class=\"program-card\">\r\n        <img decoding=\"async\" src=\"https:\/\/redeqdmdetelevisao.com.br\/wp-content\/uploads\/2023\/09\/WhatsApp-Image-2023-09-01-at-10.35.01.jpeg\">\r\n        <div class=\"program-info\">\r\n            <div class=\"program-title\">La\u00e7os da Terra<\/div>\r\n            <div class=\"program-host\">Com Ricardo Gripa<\/div>\r\n            <a href=\"#\" class=\"program-btn\">Ver Programa<\/a>\r\n        <\/div>\r\n    <\/div>\r\n\r\n    <!-- CONEX\u00c3O BRASIL -->\r\n    <div class=\"program-card\">\r\n        <img decoding=\"async\" src=\"https:\/\/redeqdmdetelevisao.com.br\/wp-content\/uploads\/2026\/02\/ChatGPT-Image-13-de-fev.-de-2026-19_01_25.png\">\r\n        <div class=\"program-info\">\r\n            <div class=\"program-title\">Conex\u00e3o Brasil<\/div>\r\n            <div class=\"program-host\">Com Billy Rovaron<\/div>\r\n            <a href=\"#\" class=\"program-btn\">Ver Programa<\/a>\r\n        <\/div>\r\n    <\/div>\r\n\r\n<\/div>\r\n\r\n<\/body>\r\n<\/html>\r\n\t\t\t\t<\/div>\n\t\t\t\t<\/div>\n\t\t\t\t\t<\/div>\n\t\t<\/div>\n\t\t\t\t\t<\/div>\n\t\t<\/section>\n\t\t\t\t<section class=\"elementor-section elementor-top-section elementor-element elementor-element-14d51a0 elementor-section-full_width elementor-section-stretched elementor-section-height-default elementor-section-height-default\" data-id=\"14d51a0\" data-element_type=\"section\" data-e-type=\"section\" data-settings=\"{&quot;stretch_section&quot;:&quot;section-stretched&quot;}\">\n\t\t\t\t\t\t<div class=\"elementor-container elementor-column-gap-default\">\n\t\t\t\t\t<div class=\"elementor-column elementor-col-100 elementor-top-column elementor-element elementor-element-701a8ac\" data-id=\"701a8ac\" data-element_type=\"column\" data-e-type=\"column\">\n\t\t\t<div class=\"elementor-widget-wrap elementor-element-populated\">\n\t\t\t\t\t\t<div class=\"elementor-element elementor-element-c662b16 elementor-widget elementor-widget-html\" data-id=\"c662b16\" data-element_type=\"widget\" data-e-type=\"widget\" data-widget_type=\"html.default\">\n\t\t\t\t<div class=\"elementor-widget-container\">\n\t\t\t\t\t<!-- Rodap\u00e9 Institucional -->\r\n<footer class=\"qdm-footer\">\r\n  <div class=\"qdm-footer-content\">\r\n\r\n    <div class=\"qdm-footer-text\">\r\n      Grupo Atitudenew \u00a9 2006 - 2025 \u2013 Todos os direitos reservados<br>\r\n      <span class=\"qdm-footer-verse\">\"O Senhor \u00e9 a nossa Bandeira\"<\/span>\r\n    <\/div>\r\n\r\n    <div class=\"qdm-footer-social\">\r\n      <a href=\"https:\/\/www.facebook.com\/redeqdmtv\" target=\"_blank\" aria-label=\"Facebook\">\r\n        <!-- Facebook SVG -->\r\n        <svg viewBox=\"0 0 24 24\">\r\n          <path d=\"M22 12a10 10 0 1 0-11.5 9.9v-7H8v-3h2.5V9.5C10.5 7 12 5.6 14.3 5.6c1.1 0 2.2.2 2.2.2v2.4h-1.2c-1.2 0-1.6.7-1.6 1.5V12H16l-.4 3h-2.3v7A10 10 0 0 0 22 12z\"\/>\r\n        <\/svg>\r\n      <\/a>\r\n\r\n      <a href=\"https:\/\/www.instagram.com\/rede_qdm_oficial\/\" target=\"_blank\" aria-label=\"Instagram\">\r\n        <!-- Instagram SVG -->\r\n        <svg viewBox=\"0 0 24 24\">\r\n          <path d=\"M12 2.2c3.2 0 3.6 0 4.9.1 1.2.1 1.9.3 2.3.5.6.3 1 .7 1.5 1.2.5.5.9.9 1.2 1.5.2.4.4 1.1.5 2.3.1 1.3.1 1.7.1 4.9s0 3.6-.1 4.9c-.1 1.2-.3 1.9-.5 2.3-.3.6-.7 1-1.2 1.5-.5.5-.9.9-1.5 1.2-.4.2-1.1.4-2.3.5-1.3.1-1.7.1-4.9.1s-3.6 0-4.9-.1c-1.2-.1-1.9-.3-2.3-.5-.6-.3-1-.7-1.5-1.2-.5-.5-.9-.9-1.2-1.5-.2-.4-.4-1.1-.5-2.3C2.2 15.6 2.2 15.2 2.2 12s0-3.6.1-4.9c.1-1.2.3-1.9.5-2.3.3-.6.7-1 1.2-1.5.5-.5.9-.9 1.5-1.2.4-.2 1.1-.4 2.3-.5C8.4 2.2 8.8 2.2 12 2.2zm0 3.6a6.2 6.2 0 1 0 0 12.4 6.2 6.2 0 0 0 0-12.4zm0 10.2a4 4 0 1 1 0-8 4 4 0 0 1 0 8zm6.4-10.7a1.4 1.4 0 1 1-2.8 0 1.4 1.4 0 0 1 2.8 0z\"\/>\r\n        <\/svg>\r\n      <\/a>\r\n\r\n      <a href=\"https:\/\/www.youtube.com\/channel\/UCKK_7u67J5NPJatQT0WXF3Q\" target=\"_blank\" aria-label=\"YouTube\">\r\n        <!-- YouTube SVG -->\r\n        <svg viewBox=\"0 0 24 24\">\r\n          <path d=\"M23.5 6.2s-.2-1.6-.8-2.3c-.8-.9-1.7-.9-2.1-1C17.6 2.5 12 2.5 12 2.5h0s-5.6 0-8.6.4c-.4.1-1.3.1-2.1 1-.6.7-.8 2.3-.8 2.3S0 8 0 9.8v1.9c0 1.8.2 3.6.2 3.6s.2 1.6.8 2.3c.8.9 1.9.9 2.4 1 1.7.2 7.6.4 7.6.4s5.6 0 8.6-.4c.4-.1 1.3-.1 2.1-1 .6-.7.8-2.3.8-2.3s.2-1.8.2-3.6V9.8c0-1.8-.2-3.6-.2-3.6zM9.5 14.7V8.9l6.2 2.9-6.2 2.9z\"\/>\r\n        <\/svg>\r\n      <\/a>\r\n    <\/div>\r\n\r\n  <\/div>\r\n<\/footer>\r\n\r\n<style>\r\n\/* Rodap\u00e9 *\/\r\n.qdm-footer {\r\n  background-color: #032550;\r\n  color: #ffffff;\r\n  padding: 20px 10px;\r\n  font-family: Arial, sans-serif;\r\n}\r\n\r\n.qdm-footer-content {\r\n  max-width: 1200px;\r\n  margin: 0 auto;\r\n  display: flex;\r\n  flex-wrap: wrap;\r\n  justify-content: space-between;\r\n  align-items: center;\r\n  gap: 15px;\r\n}\r\n\r\n\/* Texto *\/\r\n.qdm-footer-text {\r\n  font-size: 14px;\r\n  line-height: 1.5;\r\n}\r\n\r\n.qdm-footer-verse {\r\n  font-style: italic;\r\n  opacity: 0.85;\r\n}\r\n\r\n\/* Redes sociais *\/\r\n.qdm-footer-social {\r\n  display: flex;\r\n  gap: 16px;\r\n}\r\n\r\n.qdm-footer-social a svg {\r\n  width: 24px;\r\n  height: 24px;\r\n  fill: #ffffff;\r\n  transition: transform 0.2s, opacity 0.2s;\r\n}\r\n\r\n.qdm-footer-social a:hover svg {\r\n  transform: scale(1.15);\r\n  opacity: 0.8;\r\n}\r\n\r\n\/* Responsivo *\/\r\n@media (max-width: 768px) {\r\n  .qdm-footer-content {\r\n    flex-direction: column;\r\n    text-align: center;\r\n  }\r\n}\r\n<\/style>\r\n\t\t\t\t<\/div>\n\t\t\t\t<\/div>\n\t\t\t\t\t<\/div>\n\t\t<\/div>\n\t\t\t\t\t<\/div>\n\t\t<\/section>\n\t\t\t\t<\/div>\n\t\t","protected":false},"excerpt":{"rendered":"<p>Voltar Programas da Emissora \ud83d\udcfa Programas da Rede QDM de Televis\u00e3o Ponto de Vista Com Rodrigo Franco Ver Programa Vem Pescar Com Jander Moro Ver Programa Palavra de Honra Com J. Tannus Ver Programa Telecath Luta Livre BWA Wrestling Ver Programa \u00c9 Show Com Cuiabano Lima Ver Programa Devo\u00e7\u00e3o Sertaneja Com Clevis Serafin Ver Programa [&hellip;]<\/p>\n","protected":false},"author":1,"featured_media":0,"parent":0,"menu_order":0,"comment_status":"closed","ping_status":"closed","template":"elementor_canvas","meta":{"footnotes":""},"class_list":["post-2866","page","type-page","status-publish","hentry"],"_links":{"self":[{"href":"https:\/\/redeqdmdetelevisao.com.br\/index.php?rest_route=\/wp\/v2\/pages\/2866","targetHints":{"allow":["GET"]}}],"collection":[{"href":"https:\/\/redeqdmdetelevisao.com.br\/index.php?rest_route=\/wp\/v2\/pages"}],"about":[{"href":"https:\/\/redeqdmdetelevisao.com.br\/index.php?rest_route=\/wp\/v2\/types\/page"}],"author":[{"embeddable":true,"href":"https:\/\/redeqdmdetelevisao.com.br\/index.php?rest_route=\/wp\/v2\/users\/1"}],"replies":[{"embeddable":true,"href":"https:\/\/redeqdmdetelevisao.com.br\/index.php?rest_route=%2Fwp%2Fv2%2Fcomments&post=2866"}],"version-history":[{"count":14,"href":"https:\/\/redeqdmdetelevisao.com.br\/index.php?rest_route=\/wp\/v2\/pages\/2866\/revisions"}],"predecessor-version":[{"id":3374,"href":"https:\/\/redeqdmdetelevisao.com.br\/index.php?rest_route=\/wp\/v2\/pages\/2866\/revisions\/3374"}],"wp:attachment":[{"href":"https:\/\/redeqdmdetelevisao.com.br\/index.php?rest_route=%2Fwp%2Fv2%2Fmedia&parent=2866"}],"curies":[{"name":"wp","href":"https:\/\/api.w.org\/{rel}","templated":true}]}}